{"id":973,"date":"2022-08-20T11:24:45","date_gmt":"2022-08-20T11:24:45","guid":{"rendered":"http:\/\/grupodmh.es\/?page_id=973"},"modified":"2023-02-19T08:23:12","modified_gmt":"2023-02-19T08:23:12","slug":"trabajos-de-pintura","status":"publish","type":"page","link":"https:\/\/grupodmh.es\/fr\/travaux-de-peinture\/","title":{"rendered":"travaux de peinture"},"content":{"rendered":"<div data-elementor-type=\"wp-page\" data-elementor-id=\"973\" class=\"elementor elementor-973\" data-elementor-post-type=\"page\">\n\t\t\t\t\t\t<section class=\"elementor-section elementor-top-section elementor-element elementor-element-7e7c53a5 elementor-section-boxed elementor-section-height-default elementor-section-height-default\" data-id=\"7e7c53a5\" data-element_type=\"section\">\n\t\t\t\t\t\t<div class=\"elementor-container elementor-column-gap-default\">\n\t\t\t\t\t<div class=\"elementor-column elementor-col-100 elementor-top-column elementor-element elementor-element-77162e96\" data-id=\"77162e96\" data-element_type=\"column\">\n\t\t\t<div class=\"elementor-widget-wrap elementor-element-populated\">\n\t\t\t\t\t\t<div class=\"elementor-element elementor-element-4b8d2f90 elementor-widget elementor-widget-text-editor\" data-id=\"4b8d2f90\" data-element_type=\"widget\" data-widget_type=\"text-editor.default\">\n\t\t\t\t<div class=\"elementor-widget-container\">\n\t\t\t\t\t\t\t\t\t\n<p><strong>Peinture des murs, plafonds<\/strong><\/p>\n\n<p>En nuestra empresa de construcci\u00f3n \u00abgrupoDMH\u00bb nos especializamos en la pintura de paredes y techos para lograr un acabado impecable y duradero. Ofrecemos una amplia gama de servicios de pintura, desde la preparaci\u00f3n preliminar de la superficie hasta la elecci\u00f3n correcta de la pintura y la herramienta utilizada para el trabajo.<\/p>\n<p>Le travail de peinture est une \u00e9tape critique dans tout projet de r\u00e9novation, car c&#039;est la phase finale qui d\u00e9termine l&#039;aspect final de la pi\u00e8ce. Nos sp\u00e9cialistes en peinture ont des ann\u00e9es d&#039;exp\u00e9rience dans la pr\u00e9paration de surface et l&#039;application de peinture, garantissant un r\u00e9sultat final de haute qualit\u00e9.<\/p>\n<p>En plus de la peinture des murs et des plafonds, nous offrons \u00e9galement des services de pose de papier peint, de peinture de fa\u00e7ade et d&#039;autres services de peinture pour r\u00e9pondre \u00e0 tous vos besoins de d\u00e9coration et de r\u00e9novation.<\/p>\n<p>Nous utilisons des mat\u00e9riaux de haute qualit\u00e9 et des techniques de peinture avanc\u00e9es pour assurer une finition de haute qualit\u00e9 et durable. De plus, nos sp\u00e9cialistes ont de l&#039;exp\u00e9rience dans la peinture de plaques de pl\u00e2tre, qui est l&#039;un des types de d\u00e9coration de murs et de plafonds les plus populaires.<\/p>\n<p>Nos services de peinture comprennent la pr\u00e9paration des murs et des plafonds, l&#039;appr\u00eat au rouleau, le mastic, le pl\u00e2tre de phare, le nivellement des plafonds, les murs, les pentes et les coins, le blanchiment \u00e0 la chaux, la peinture des cloisons s\u00e8ches, le collage de baguettes, le treillis d&#039;armature, les tricots sans tissu et le papier peint. De plus, nous pouvons effectuer des travaux de peinture \u00e0 tout moment de l&#039;ann\u00e9e, en utilisant des compositions \u00e0 l&#039;huile en hiver pour assurer la qualit\u00e9 du travail.<\/p>\n<p>En r\u00e9sum\u00e9, si vous recherchez une entreprise fiable et professionnelle pour peindre les murs et les plafonds \u00e0 Valence, n&#039;h\u00e9sitez pas \u00e0 nous contacter. Nous serons heureux de vous aider \u00e0 cr\u00e9er un environnement magnifique et confortable dans votre maison ou votre lieu de travail gr\u00e2ce \u00e0 nos services de peinture de haute qualit\u00e9.<\/p>\n<p>\u00a0<\/p>\n\t\t\t\t\t\t\t\t<\/div>\n\t\t\t\t<\/div>\n\t\t\t\t\t<\/div>\n\t\t<\/div>\n\t\t\t\t\t<\/div>\n\t\t<\/section>\n\t\t\t\t<\/div>","protected":false},"excerpt":{"rendered":"<p>Pintura de paredes, techos En nuestra empresa de construcci\u00f3n \u00abgrupoDMH\u00bb nos especializamos en la pintura de paredes y techos para lograr un acabado impecable y duradero. Ofrecemos una amplia gama de servicios de pintura, desde la preparaci\u00f3n preliminar de la superficie hasta la elecci\u00f3n correcta de la pintura y la herramienta utilizada para el trabajo. [&hellip;]<\/p>","protected":false},"author":1,"featured_media":0,"parent":0,"menu_order":0,"comment_status":"closed","ping_status":"closed","template":"","meta":{"_acf_changed":false,"footnotes":""},"class_list":["post-973","page","type-page","status-publish","hentry"],"acf":[],"_links":{"self":[{"href":"https:\/\/grupodmh.es\/fr\/wp-json\/wp\/v2\/pages\/973","targetHints":{"allow":["GET"]}}],"collection":[{"href":"https:\/\/grupodmh.es\/fr\/wp-json\/wp\/v2\/pages"}],"about":[{"href":"https:\/\/grupodmh.es\/fr\/wp-json\/wp\/v2\/types\/page"}],"author":[{"embeddable":true,"href":"https:\/\/grupodmh.es\/fr\/wp-json\/wp\/v2\/users\/1"}],"replies":[{"embeddable":true,"href":"https:\/\/grupodmh.es\/fr\/wp-json\/wp\/v2\/comments?post=973"}],"version-history":[{"count":10,"href":"https:\/\/grupodmh.es\/fr\/wp-json\/wp\/v2\/pages\/973\/revisions"}],"predecessor-version":[{"id":1281,"href":"https:\/\/grupodmh.es\/fr\/wp-json\/wp\/v2\/pages\/973\/revisions\/1281"}],"wp:attachment":[{"href":"https:\/\/grupodmh.es\/fr\/wp-json\/wp\/v2\/media?parent=973"}],"curies":[{"name":"wp","href":"https:\/\/api.w.org\/{rel}","templated":true}]}}