{"id":802,"date":"2022-08-20T09:11:03","date_gmt":"2022-08-20T09:11:03","guid":{"rendered":"http:\/\/grupodmh.es\/?page_id=802"},"modified":"2023-02-18T23:58:01","modified_gmt":"2023-02-18T23:58:01","slug":"reformas-de-cocina","status":"publish","type":"page","link":"https:\/\/grupodmh.es\/fr\/cuisine-reformes\/","title":{"rendered":"r\u00e9formes de la cuisine"},"content":{"rendered":"<div data-elementor-type=\"wp-page\" data-elementor-id=\"802\" class=\"elementor elementor-802\" data-elementor-post-type=\"page\">\n\t\t\t\t\t\t<section class=\"elementor-section elementor-top-section elementor-element elementor-element-b94d714 elementor-section-boxed elementor-section-height-default elementor-section-height-default\" data-id=\"b94d714\" data-element_type=\"section\">\n\t\t\t\t\t\t<div class=\"elementor-container elementor-column-gap-default\">\n\t\t\t\t\t<div class=\"elementor-column elementor-col-100 elementor-top-column elementor-element elementor-element-d24f140\" data-id=\"d24f140\" data-element_type=\"column\">\n\t\t\t<div class=\"elementor-widget-wrap elementor-element-populated\">\n\t\t\t\t\t\t<div class=\"elementor-element elementor-element-a7c1fbd elementor-widget elementor-widget-text-editor\" data-id=\"a7c1fbd\" data-element_type=\"widget\" data-widget_type=\"text-editor.default\">\n\t\t\t\t<div class=\"elementor-widget-container\">\n\t\t\t\t\t\t\t\t\t<p>L&#039;autel de votre cr\u00e9ativit\u00e9. Ici, vous devenez l&#039;artiste que chacun peut appr\u00e9cier dans les nuances de vos plats cr\u00e9\u00e9s dans un environnement fonctionnel et convivial. La triade qui m\u00e8ne cette r\u00e9forme de cette pi\u00e8ce est compos\u00e9e de l&#039;\u00e9clairage, de la ventilation et de la r\u00e9partition de l&#039;espace de travail.\u00a0<\/p><p>La r\u00e9forme de votre cuisine revalorise votre maison et en fait un pari pour l&#039;avenir que vous devez m\u00e9diter attentivement. Avant de vous laisser s\u00e9duire par les \u00e9l\u00e9ments d\u00e9coratifs, nous vous sugg\u00e9rons de vous concentrer sur la qualit\u00e9 des \u00e9quipements et leur r\u00e9partition dans l&#039;espace. L&#039;attribution des zones pour cuisiner, laver et servir les plats doit \u00eatre bien planifi\u00e9e.\u00a0<\/p><p>Le design en forme de U est le plus efficace pour les petites cuisines, tandis que pour les grandes il est pr\u00e9f\u00e9rable d&#039;opter pour le design en forme de L. Une fois que vous avez choisi le design de base, vous pouvez projeter votre personnalit\u00e9 dans le choix des armoires, des comptoirs, dosserets et portes pour l&#039;impact final que vous aimez.\u00a0<\/p><p>Les mat\u00e9riaux vont du bois, qui procure une sensation chaleureuse, au quartz et au granit, plus r\u00e9sistants et hygi\u00e9niques.\u00a0<\/p><p>Tout cela est toujours reli\u00e9 par des travaux de plomberie et d&#039;\u00e9lectricit\u00e9 de premi\u00e8re classe, comme nous le proposons dans toutes nos r\u00e9formes.\u00a0<\/p><p>Quelle cuisine pr\u00e9f\u00e9rez-vous ?<\/p><p><b>Traditionnel<\/b><\/p><p>Style rustique, champ\u00eatre, r\u00e9tro ou vintage, avec toute la saveur de la cuisine familiale traditionnelle dans les moindres d\u00e9tails. Parquet en ch\u00eane ou mosa\u00efque hydraulique, pierre ou m\u00e9tal comme complices et quelques tabourets en bois peuvent n&#039;\u00eatre qu&#039;un d\u00e9but. Les poign\u00e9es coquillages, les moulures, les suspensions et les armoires de vos meubles apporteront cette touche personnelle qui invite \u00e0 s&#039;asseoir.<\/p><p>La combinaison de carreaux blancs, bois et faits \u00e0 la main ne manque jamais. Si vous aussi osez un tas de marbre et de papier peint, vous ferez retomber vos amis en enfance en savourant vos plats.<\/p><p><b>contemporain<\/b><\/p><p>Nordique, japonais, avant-gardiste, votre style de vie d\u00e9peint dans l&#039;une des multiples options qui s&#039;offrent \u00e0 nous. L&#039;association du noir et du blanc, des couleurs m\u00e9tallis\u00e9es et des lignes \u00e9pur\u00e9es accueillera une partie de la pi\u00e8ce ou sera habill\u00e9e de campagnes de verre, de murs en bois, de robinetterie \u00e0 la pointe de la technologie, d&#039;appliques murales, d&#039;\u00eelot de travail, de sols en micro-ciment et de meubles sans poign\u00e9es qu&#039;ils vous s\u00e9duiront par leur \u00e9l\u00e9gance et leur simplicit\u00e9.<\/p><p>La sensation de continuit\u00e9 visuelle dans les espaces est obtenue en ayant un \u00e9clairage de style industriel avec des LED encastr\u00e9es et des surfaces en aluminium et en acier et m\u00eame des hottes encastr\u00e9es au plafond comme alli\u00e9s. C&#039;est l\u00e0 qu&#039;une r\u00e9forme du plus haut niveau se d\u00e9marque.<\/p>\t\t\t\t\t\t\t\t<\/div>\n\t\t\t\t<\/div>\n\t\t\t\t\t<\/div>\n\t\t<\/div>\n\t\t\t\t\t<\/div>\n\t\t<\/section>\n\t\t\t\t<section class=\"elementor-section elementor-top-section elementor-element elementor-element-32d871c elementor-section-full_width elementor-section-height-default elementor-section-height-default\" data-id=\"32d871c\" data-element_type=\"section\">\n\t\t\t\t\t\t<div class=\"elementor-container elementor-column-gap-default\">\n\t\t\t\t\t<div class=\"elementor-column elementor-col-100 elementor-top-column elementor-element elementor-element-517fdc2\" data-id=\"517fdc2\" data-element_type=\"column\">\n\t\t\t<div class=\"elementor-widget-wrap elementor-element-populated\">\n\t\t\t\t\t\t<div class=\"elementor-element elementor-element-58dc007 elementor-widget elementor-widget-gallery\" data-id=\"58dc007\" data-element_type=\"widget\" data-settings=\"{&quot;gap&quot;:{&quot;unit&quot;:&quot;px&quot;,&quot;size&quot;:20,&quot;sizes&quot;:[]},&quot;aspect_ratio&quot;:&quot;4:3&quot;,&quot;gallery_layout&quot;:&quot;grid&quot;,&quot;columns&quot;:4,&quot;columns_tablet&quot;:2,&quot;columns_mobile&quot;:1,&quot;gap_tablet&quot;:{&quot;unit&quot;:&quot;px&quot;,&quot;size&quot;:10,&quot;sizes&quot;:[]},&quot;gap_mobile&quot;:{&quot;unit&quot;:&quot;px&quot;,&quot;size&quot;:10,&quot;sizes&quot;:[]},&quot;link_to&quot;:&quot;file&quot;,&quot;content_hover_animation&quot;:&quot;fade-in&quot;}\" data-widget_type=\"gallery.default\">\n\t\t\t\t<div class=\"elementor-widget-container\">\n\t\t\t\t\t\t\t<div class=\"elementor-gallery__container\">\n\t\t\t\t\t\t\t<a class=\"e-gallery-item elementor-gallery-item elementor-animated-content\" href=\"https:\/\/grupodmh.es\/wp-content\/uploads\/2022\/08\/Reformas-de-cocina-en-Valencia.jpg\" data-elementor-open-lightbox=\"yes\" data-elementor-lightbox-slideshow=\"58dc007\" data-e-action-hash=\"#elementor-action%3Aaction%3Dlightbox%26settings%3DeyJpZCI6ODY1LCJ1cmwiOiJodHRwczpcL1wvZ3J1cG9kbWguZXNcL3dwLWNvbnRlbnRcL3VwbG9hZHNcLzIwMjJcLzA4XC9SZWZvcm1hcy1kZS1jb2NpbmEtZW4tVmFsZW5jaWEuanBnIiwic2xpZGVzaG93IjoiNThkYzAwNyJ9\">\n\t\t\t\t\t<div class=\"e-gallery-image elementor-gallery-item__image\" data-thumbnail=\"https:\/\/grupodmh.es\/wp-content\/uploads\/2022\/08\/Reformas-de-cocina-en-Valencia.jpg\" data-width=\"1024\" data-height=\"686\" aria-label=\"R\u00e9formes de la cuisine \u00e0 Valence 1\" role=\"img\" ><\/div>\n\t\t\t\t\t\t\t\t\t\t\t\t\t\t<\/a>\n\t\t\t\t\t\t\t<a class=\"e-gallery-item elementor-gallery-item elementor-animated-content\" href=\"https:\/\/grupodmh.es\/wp-content\/uploads\/2022\/08\/Reformas-de-cocina-en-Valencia-2.jpg\" data-elementor-open-lightbox=\"yes\" data-elementor-lightbox-slideshow=\"58dc007\" data-e-action-hash=\"#elementor-action%3Aaction%3Dlightbox%26settings%3DeyJpZCI6ODY0LCJ1cmwiOiJodHRwczpcL1wvZ3J1cG9kbWguZXNcL3dwLWNvbnRlbnRcL3VwbG9hZHNcLzIwMjJcLzA4XC9SZWZvcm1hcy1kZS1jb2NpbmEtZW4tVmFsZW5jaWEtMi5qcGciLCJzbGlkZXNob3ciOiI1OGRjMDA3In0%3D\">\n\t\t\t\t\t<div class=\"e-gallery-image elementor-gallery-item__image\" data-thumbnail=\"https:\/\/grupodmh.es\/wp-content\/uploads\/2022\/08\/Reformas-de-cocina-en-Valencia-2.jpg\" data-width=\"1024\" data-height=\"719\" aria-label=\"R\u00e9formes de la cuisine \u00e0 Valence 1\" role=\"img\" ><\/div>\n\t\t\t\t\t\t\t\t\t\t\t\t\t\t<\/a>\n\t\t\t\t\t\t\t<a class=\"e-gallery-item elementor-gallery-item elementor-animated-content\" href=\"https:\/\/grupodmh.es\/wp-content\/uploads\/2022\/08\/type1-7.jpg\" data-elementor-open-lightbox=\"yes\" data-elementor-lightbox-slideshow=\"58dc007\" data-e-action-hash=\"#elementor-action%3Aaction%3Dlightbox%26settings%3DeyJpZCI6NTEzLCJ1cmwiOiJodHRwczpcL1wvZ3J1cG9kbWguZXNcL3dwLWNvbnRlbnRcL3VwbG9hZHNcLzIwMjJcLzA4XC90eXBlMS03LmpwZyIsInNsaWRlc2hvdyI6IjU4ZGMwMDcifQ%3D%3D\">\n\t\t\t\t\t<div class=\"e-gallery-image elementor-gallery-item__image\" data-thumbnail=\"https:\/\/grupodmh.es\/wp-content\/uploads\/2022\/08\/type1-7.jpg\" data-width=\"700\" data-height=\"400\" aria-label=\"\" role=\"img\" ><\/div>\n\t\t\t\t\t\t\t\t\t\t\t\t\t\t<\/a>\n\t\t\t\t\t\t\t<a class=\"e-gallery-item elementor-gallery-item elementor-animated-content\" href=\"https:\/\/grupodmh.es\/wp-content\/uploads\/2022\/08\/Reformas-de-cocina-en-Valencia-1.jpg\" data-elementor-open-lightbox=\"yes\" data-elementor-lightbox-slideshow=\"58dc007\" data-e-action-hash=\"#elementor-action%3Aaction%3Dlightbox%26settings%3DeyJpZCI6ODYzLCJ1cmwiOiJodHRwczpcL1wvZ3J1cG9kbWguZXNcL3dwLWNvbnRlbnRcL3VwbG9hZHNcLzIwMjJcLzA4XC9SZWZvcm1hcy1kZS1jb2NpbmEtZW4tVmFsZW5jaWEtMS5qcGciLCJzbGlkZXNob3ciOiI1OGRjMDA3In0%3D\">\n\t\t\t\t\t<div class=\"e-gallery-image elementor-gallery-item__image\" data-thumbnail=\"https:\/\/grupodmh.es\/wp-content\/uploads\/2022\/08\/Reformas-de-cocina-en-Valencia-1.jpg\" data-width=\"1024\" data-height=\"576\" aria-label=\"R\u00e9formes de la cuisine \u00e0 Valence 1\" role=\"img\" ><\/div>\n\t\t\t\t\t\t\t\t\t\t\t\t\t\t<\/a>\n\t\t\t\t\t<\/div>\n\t\t\t\t\t<\/div>\n\t\t\t\t<\/div>\n\t\t\t\t\t<\/div>\n\t\t<\/div>\n\t\t\t\t\t<\/div>\n\t\t<\/section>\n\t\t\t\t<\/div>","protected":false},"excerpt":{"rendered":"<p>El altar de tu creatividad. Aqu\u00ed te conviertes en el artista que todos podr\u00e1n apreciar en los matices de tus platos creados a partir de un entorno funcional y amigable. La tr\u00edada que capitanea esta la reforma de esta estancia est\u00e1 formada por la iluminaci\u00f3n, la ventilaci\u00f3n y la distribuci\u00f3n del espacio de trabajo.&nbsp; La [&hellip;]<\/p>","protected":false},"author":1,"featured_media":501,"parent":0,"menu_order":0,"comment_status":"closed","ping_status":"closed","template":"","meta":{"_acf_changed":false,"footnotes":""},"class_list":["post-802","page","type-page","status-publish","has-post-thumbnail","hentry"],"acf":[],"_links":{"self":[{"href":"https:\/\/grupodmh.es\/fr\/wp-json\/wp\/v2\/pages\/802","targetHints":{"allow":["GET"]}}],"collection":[{"href":"https:\/\/grupodmh.es\/fr\/wp-json\/wp\/v2\/pages"}],"about":[{"href":"https:\/\/grupodmh.es\/fr\/wp-json\/wp\/v2\/types\/page"}],"author":[{"embeddable":true,"href":"https:\/\/grupodmh.es\/fr\/wp-json\/wp\/v2\/users\/1"}],"replies":[{"embeddable":true,"href":"https:\/\/grupodmh.es\/fr\/wp-json\/wp\/v2\/comments?post=802"}],"version-history":[{"count":14,"href":"https:\/\/grupodmh.es\/fr\/wp-json\/wp\/v2\/pages\/802\/revisions"}],"predecessor-version":[{"id":1219,"href":"https:\/\/grupodmh.es\/fr\/wp-json\/wp\/v2\/pages\/802\/revisions\/1219"}],"wp:featuredmedia":[{"embeddable":true,"href":"https:\/\/grupodmh.es\/fr\/wp-json\/wp\/v2\/media\/501"}],"wp:attachment":[{"href":"https:\/\/grupodmh.es\/fr\/wp-json\/wp\/v2\/media?parent=802"}],"curies":[{"name":"wp","href":"https:\/\/api.w.org\/{rel}","templated":true}]}}