{"id":799,"date":"2022-08-20T09:10:18","date_gmt":"2022-08-20T09:10:18","guid":{"rendered":"http:\/\/grupodmh.es\/?page_id=799"},"modified":"2023-02-18T23:56:21","modified_gmt":"2023-02-18T23:56:21","slug":"reformas-dormitorios","status":"publish","type":"page","link":"https:\/\/grupodmh.es\/fr\/reformes-chambres\/","title":{"rendered":"R\u00e9formes de la chambre"},"content":{"rendered":"<div data-elementor-type=\"wp-page\" data-elementor-id=\"799\" class=\"elementor elementor-799\" data-elementor-post-type=\"page\">\n\t\t\t\t\t\t<section class=\"elementor-section elementor-top-section elementor-element elementor-element-6baf61b elementor-section-boxed elementor-section-height-default elementor-section-height-default\" data-id=\"6baf61b\" data-element_type=\"section\">\n\t\t\t\t\t\t<div class=\"elementor-container elementor-column-gap-default\">\n\t\t\t\t\t<div class=\"elementor-column elementor-col-100 elementor-top-column elementor-element elementor-element-b63b3f1\" data-id=\"b63b3f1\" data-element_type=\"column\">\n\t\t\t<div class=\"elementor-widget-wrap elementor-element-populated\">\n\t\t\t\t\t\t<div class=\"elementor-element elementor-element-412bef5 elementor-widget elementor-widget-text-editor\" data-id=\"412bef5\" data-element_type=\"widget\" data-widget_type=\"text-editor.default\">\n\t\t\t\t<div class=\"elementor-widget-container\">\n\t\t\t\t\t\t\t\t\t<p>Nous r\u00eavons de toi Ici les trois lignes \u00e0 suivre sont le confort, le silence et l&#039;ambiance. De la couleur des murs aux lignes du mobilier, en passant par l&#039;\u00e9clairage, tout doit transmettre calme et immobilit\u00e9 dans une chambre. En effet, il est courant de n\u00e9gliger un \u00e9l\u00e9ment tr\u00e8s important dans les r\u00e9novations de chambre \u00e0 coucher : le plafond. Alors que nous aimons nous allonger en pensant \u00e0 nos affaires ou en attendant que le sommeil arrive, il y a de nombreuses minutes que nous passons les yeux riv\u00e9s sur le ciel dans notre chambre. C&#039;est pourquoi il est important de savoir choisir un plafond qui invite \u00e0 la d\u00e9tente, avec des couleurs douces, peut-\u00eatre des tons pastel, un \u00e9clairage discret et chaleureux, \u00e9liminant tout \u00e9l\u00e9ment trop frappant.<\/p><p>Mais bien s\u00fbr, tout d\u00e9pend de la fa\u00e7on dont vous voulez r\u00eaver, car il y a ceux qui pr\u00e9f\u00e8rent leur t\u00e9l\u00e9vision int\u00e9gr\u00e9e au sommet pour s&#039;endormir en profitant de leur film pr\u00e9f\u00e9r\u00e9.<\/p><p>Plus important que de commencer \u00e0 concevoir la r\u00e9partition des espaces et comment les remplir, il convient de planifier la\u00a0<i>isolement<\/i>\u00a0\u00e0 la fois acoustique et thermique de la pi\u00e8ce si n\u00e9cessaire. Concernant l&#039;isolation acoustique, une \u00e9tude pr\u00e9alable suffira pour localiser les \u00e9ventuelles sources de bruits g\u00eanants en fonction de l&#039;acoustique g\u00e9n\u00e9rale de la maison et de son orientation. La solution d\u00e9pendra de l&#039;entit\u00e9 du probl\u00e8me. Aussi bien les panneaux isolants au plafond que les parquets flottants au sol, en passant par une simple moquette peuvent r\u00e9soudre la situation.<\/p><p>Concernant l&#039;isolation thermique, la solution d\u00e9pendra de la m\u00e9t\u00e9o et si les murs de la chambre sont orient\u00e9s vers l&#039;ext\u00e9rieur. Si n\u00e9cessaire, nous avons une grande vari\u00e9t\u00e9 d&#039;options \u00e0 inclure dans votre r\u00e9forme, telles que des bandes de fibres, du t\u00e9flon, du graphite ou des plaques isolantes, toujours avec la tranquillit\u00e9 d&#039;esprit que nos mat\u00e9riaux sont d&#039;une qualit\u00e9 exceptionnelle.<\/p><p>Le choix des fen\u00eatres en dit long sur votre confort. Les fen\u00eatres d&#039;une r\u00e9forme peuvent \u00eatre choisies selon trois crit\u00e8res :<\/p><ol><li>Le type de mat\u00e9riau : Bois, aluminium et PVC<\/li><li>Le type de vitrage : Simple, constitu\u00e9 d&#039;une seule feuille, Double ou triple, qui comportent plusieurs couches de verre s\u00e9par\u00e9es par des chambres \u00e0 air de densit\u00e9s diff\u00e9rentes.<\/li><li>Le type d&#039;ouverture : coulissante, pliante, battante, pivotante ou guillotine, principalement.<\/li><\/ol><p>Le prochain aspect de la r\u00e9forme responsable d&#039;une chambre, que ce soit pour les enfants, le mariage ou les invit\u00e9s, sera le remplacement ou l&#039;assainissement du c\u00e2blage pour augmenter la capacit\u00e9 de charge du r\u00e9seau \u00e9lectrique et ainsi se prot\u00e9ger contre les pannes de courant et les courts-circuits. Et si nous terminons avec un syst\u00e8me de chauffage\/climatisation \u00e0 la pointe de la technologie, nous pouvons commencer \u00e0 penser \u00e0 occuper les espaces en toute tranquillit\u00e9.<\/p><p>Quant \u00e0\u00a0<i>conception<\/i>\u00a0Vous n&#039;avez qu&#039;\u00e0 vous laisser porter par votre imagination, car les possibilit\u00e9s sont illimit\u00e9es. A votre r\u00e9veil, notre r\u00e9forme aura transform\u00e9 vos r\u00eaves en r\u00e9alit\u00e9.<\/p><p>Nous vous conseillons de profiter des \u00e9l\u00e9ments architecturaux naturels de la chambre elle-m\u00eame ou du reste de la maison si possible. Par exemple, vous pouvez remplacer une armoire int\u00e9gr\u00e9e dans la chambre par un dressing ou m\u00eame une petite salle de bain int\u00e9rieure. Si vous avez une pi\u00e8ce \u00e0 revendre, vous pouvez \u00e9galement la fusionner, faisant de votre chambre parentale une v\u00e9ritable pi\u00e8ce de d\u00e9tente.<\/p><p>La chambre qui n\u00e9cessite le plus de r\u00e9formes au fil du temps est la chambre des enfants. Personne mieux que vous ne conna\u00eet la vitesse \u00e0 laquelle vos tout-petits grandissent et donc la n\u00e9cessit\u00e9 d&#039;avoir la chambre toujours mise \u00e0 jour en fonction de leur \u00e2ge. Dans ce cas, nous vous conseillons de prendre la s\u00e9curit\u00e9 et l&#039;isolement comme \u00e9l\u00e9ments prioritaires de votre r\u00e9forme. Le repos des enfants est \u00e0 nous.<\/p><p>Bref, vous mettez les r\u00eaves et nos r\u00e9formes mettront les r\u00e9alit\u00e9s.<\/p>\t\t\t\t\t\t\t\t<\/div>\n\t\t\t\t<\/div>\n\t\t\t\t\t<\/div>\n\t\t<\/div>\n\t\t\t\t\t<\/div>\n\t\t<\/section>\n\t\t\t\t<section class=\"elementor-section elementor-top-section elementor-element elementor-element-51266fb elementor-section-full_width elementor-section-height-default elementor-section-height-default\" data-id=\"51266fb\" data-element_type=\"section\">\n\t\t\t\t\t\t<div class=\"elementor-container elementor-column-gap-default\">\n\t\t\t\t\t<div class=\"elementor-column elementor-col-100 elementor-top-column elementor-element elementor-element-bd45424\" data-id=\"bd45424\" data-element_type=\"column\">\n\t\t\t<div class=\"elementor-widget-wrap elementor-element-populated\">\n\t\t\t\t\t\t<div class=\"elementor-element elementor-element-60842f1 elementor-widget elementor-widget-gallery\" data-id=\"60842f1\" data-element_type=\"widget\" data-settings=\"{&quot;gap&quot;:{&quot;unit&quot;:&quot;px&quot;,&quot;size&quot;:20,&quot;sizes&quot;:[]},&quot;aspect_ratio&quot;:&quot;4:3&quot;,&quot;gallery_layout&quot;:&quot;grid&quot;,&quot;columns&quot;:4,&quot;columns_tablet&quot;:2,&quot;columns_mobile&quot;:1,&quot;gap_tablet&quot;:{&quot;unit&quot;:&quot;px&quot;,&quot;size&quot;:10,&quot;sizes&quot;:[]},&quot;gap_mobile&quot;:{&quot;unit&quot;:&quot;px&quot;,&quot;size&quot;:10,&quot;sizes&quot;:[]},&quot;link_to&quot;:&quot;file&quot;,&quot;content_hover_animation&quot;:&quot;fade-in&quot;}\" data-widget_type=\"gallery.default\">\n\t\t\t\t<div class=\"elementor-widget-container\">\n\t\t\t\t\t\t\t<div class=\"elementor-gallery__container\">\n\t\t\t\t\t\t\t<a class=\"e-gallery-item elementor-gallery-item elementor-animated-content\" href=\"https:\/\/grupodmh.es\/wp-content\/uploads\/2022\/08\/Reformas-dormitorios-en-Valencia.jpg\" data-elementor-open-lightbox=\"yes\" data-elementor-lightbox-slideshow=\"60842f1\" data-e-action-hash=\"#elementor-action%3Aaction%3Dlightbox%26settings%3DeyJpZCI6MjU3LCJ1cmwiOiJodHRwczpcL1wvZ3J1cG9kbWguZXNcL3dwLWNvbnRlbnRcL3VwbG9hZHNcLzIwMjJcLzA4XC9SZWZvcm1hcy1kb3JtaXRvcmlvcy1lbi1WYWxlbmNpYS5qcGciLCJzbGlkZXNob3ciOiI2MDg0MmYxIn0%3D\">\n\t\t\t\t\t<div class=\"e-gallery-image elementor-gallery-item__image\" data-thumbnail=\"https:\/\/grupodmh.es\/wp-content\/uploads\/2022\/08\/Reformas-dormitorios-en-Valencia.jpg\" data-width=\"700\" data-height=\"400\" aria-label=\"R\u00e9formes de la chambre \u00e0 Valence\" role=\"img\" ><\/div>\n\t\t\t\t\t\t\t\t\t\t\t\t\t\t<\/a>\n\t\t\t\t\t\t\t<a class=\"e-gallery-item elementor-gallery-item elementor-animated-content\" href=\"https:\/\/grupodmh.es\/wp-content\/uploads\/2022\/08\/Reformas-dormitorios-en-Valencia-3.jpg\" data-elementor-open-lightbox=\"yes\" data-elementor-lightbox-slideshow=\"60842f1\" data-e-action-hash=\"#elementor-action%3Aaction%3Dlightbox%26settings%3DeyJpZCI6ODQyLCJ1cmwiOiJodHRwczpcL1wvZ3J1cG9kbWguZXNcL3dwLWNvbnRlbnRcL3VwbG9hZHNcLzIwMjJcLzA4XC9SZWZvcm1hcy1kb3JtaXRvcmlvcy1lbi1WYWxlbmNpYS0zLmpwZyIsInNsaWRlc2hvdyI6IjYwODQyZjEifQ%3D%3D\">\n\t\t\t\t\t<div class=\"e-gallery-image elementor-gallery-item__image\" data-thumbnail=\"https:\/\/grupodmh.es\/wp-content\/uploads\/2022\/08\/Reformas-dormitorios-en-Valencia-3.jpg\" data-width=\"1024\" data-height=\"683\" aria-label=\"R\u00e9formes de la chambre \u00e0 Valence\" role=\"img\" ><\/div>\n\t\t\t\t\t\t\t\t\t\t\t\t\t\t<\/a>\n\t\t\t\t\t\t\t<a class=\"e-gallery-item elementor-gallery-item elementor-animated-content\" href=\"https:\/\/grupodmh.es\/wp-content\/uploads\/2022\/08\/Reformas-dormitorios-en-Valencia-1-1.jpg\" data-elementor-open-lightbox=\"yes\" data-elementor-lightbox-slideshow=\"60842f1\" data-e-action-hash=\"#elementor-action%3Aaction%3Dlightbox%26settings%3DeyJpZCI6ODQwLCJ1cmwiOiJodHRwczpcL1wvZ3J1cG9kbWguZXNcL3dwLWNvbnRlbnRcL3VwbG9hZHNcLzIwMjJcLzA4XC9SZWZvcm1hcy1kb3JtaXRvcmlvcy1lbi1WYWxlbmNpYS0xLTEuanBnIiwic2xpZGVzaG93IjoiNjA4NDJmMSJ9\">\n\t\t\t\t\t<div class=\"e-gallery-image elementor-gallery-item__image\" data-thumbnail=\"https:\/\/grupodmh.es\/wp-content\/uploads\/2022\/08\/Reformas-dormitorios-en-Valencia-1-1.jpg\" data-width=\"1720\" data-height=\"1146\" aria-label=\"R\u00e9formes de la chambre \u00e0 Valence\" role=\"img\" ><\/div>\n\t\t\t\t\t\t\t\t\t\t\t\t\t\t<\/a>\n\t\t\t\t\t\t\t<a class=\"e-gallery-item elementor-gallery-item elementor-animated-content\" href=\"https:\/\/grupodmh.es\/wp-content\/uploads\/2022\/08\/Reformas-dormitorios-en-Valencia-2.jpg\" data-elementor-open-lightbox=\"yes\" data-elementor-lightbox-slideshow=\"60842f1\" data-e-action-hash=\"#elementor-action%3Aaction%3Dlightbox%26settings%3DeyJpZCI6ODQxLCJ1cmwiOiJodHRwczpcL1wvZ3J1cG9kbWguZXNcL3dwLWNvbnRlbnRcL3VwbG9hZHNcLzIwMjJcLzA4XC9SZWZvcm1hcy1kb3JtaXRvcmlvcy1lbi1WYWxlbmNpYS0yLmpwZyIsInNsaWRlc2hvdyI6IjYwODQyZjEifQ%3D%3D\">\n\t\t\t\t\t<div class=\"e-gallery-image elementor-gallery-item__image\" data-thumbnail=\"https:\/\/grupodmh.es\/wp-content\/uploads\/2022\/08\/Reformas-dormitorios-en-Valencia-2.jpg\" data-width=\"1024\" data-height=\"717\" aria-label=\"R\u00e9formes de la chambre \u00e0 Valence\" role=\"img\" ><\/div>\n\t\t\t\t\t\t\t\t\t\t\t\t\t\t<\/a>\n\t\t\t\t\t<\/div>\n\t\t\t\t\t<\/div>\n\t\t\t\t<\/div>\n\t\t\t\t\t<\/div>\n\t\t<\/div>\n\t\t\t\t\t<\/div>\n\t\t<\/section>\n\t\t\t\t<\/div>","protected":false},"excerpt":{"rendered":"<p>So\u00f1amos contigo. Aqu\u00ed las tres l\u00edneas a seguir son comodidad, silencio y atm\u00f3sfera.\u00a0 Desde el color de las paredes hasta las l\u00edneas del mobiliario, pasando por la iluminaci\u00f3n, todo ha de transmitir calma y quietud en un dormitorio. De hecho es frecuente pasar por alto un elemento muy importante en las reformas de los dormitorios: [&hellip;]<\/p>","protected":false},"author":1,"featured_media":823,"parent":0,"menu_order":0,"comment_status":"closed","ping_status":"closed","template":"","meta":{"_acf_changed":false,"footnotes":""},"class_list":["post-799","page","type-page","status-publish","has-post-thumbnail","hentry"],"acf":[],"_links":{"self":[{"href":"https:\/\/grupodmh.es\/fr\/wp-json\/wp\/v2\/pages\/799","targetHints":{"allow":["GET"]}}],"collection":[{"href":"https:\/\/grupodmh.es\/fr\/wp-json\/wp\/v2\/pages"}],"about":[{"href":"https:\/\/grupodmh.es\/fr\/wp-json\/wp\/v2\/types\/page"}],"author":[{"embeddable":true,"href":"https:\/\/grupodmh.es\/fr\/wp-json\/wp\/v2\/users\/1"}],"replies":[{"embeddable":true,"href":"https:\/\/grupodmh.es\/fr\/wp-json\/wp\/v2\/comments?post=799"}],"version-history":[{"count":34,"href":"https:\/\/grupodmh.es\/fr\/wp-json\/wp\/v2\/pages\/799\/revisions"}],"predecessor-version":[{"id":1218,"href":"https:\/\/grupodmh.es\/fr\/wp-json\/wp\/v2\/pages\/799\/revisions\/1218"}],"wp:featuredmedia":[{"embeddable":true,"href":"https:\/\/grupodmh.es\/fr\/wp-json\/wp\/v2\/media\/823"}],"wp:attachment":[{"href":"https:\/\/grupodmh.es\/fr\/wp-json\/wp\/v2\/media?parent=799"}],"curies":[{"name":"wp","href":"https:\/\/api.w.org\/{rel}","templated":true}]}}