{"id":796,"date":"2022-08-20T09:09:42","date_gmt":"2022-08-20T09:09:42","guid":{"rendered":"http:\/\/grupodmh.es\/?page_id=796"},"modified":"2023-02-19T00:15:54","modified_gmt":"2023-02-19T00:15:54","slug":"reforma-de-banos","status":"publish","type":"page","link":"https:\/\/grupodmh.es\/fr\/renovation-salle-de-bain\/","title":{"rendered":"r\u00e9forme de la salle de bain"},"content":{"rendered":"<div data-elementor-type=\"wp-page\" data-elementor-id=\"796\" class=\"elementor elementor-796\" data-elementor-post-type=\"page\">\n\t\t\t\t\t\t<section class=\"elementor-section elementor-top-section elementor-element elementor-element-7ed2759 elementor-section-boxed elementor-section-height-default elementor-section-height-default\" data-id=\"7ed2759\" data-element_type=\"section\">\n\t\t\t\t\t\t<div class=\"elementor-container elementor-column-gap-default\">\n\t\t\t\t\t<div class=\"elementor-column elementor-col-100 elementor-top-column elementor-element elementor-element-959ba7c\" data-id=\"959ba7c\" data-element_type=\"column\">\n\t\t\t<div class=\"elementor-widget-wrap elementor-element-populated\">\n\t\t\t\t\t\t<div class=\"elementor-element elementor-element-d734fc5 elementor-widget elementor-widget-text-editor\" data-id=\"d734fc5\" data-element_type=\"widget\" data-widget_type=\"text-editor.default\">\n\t\t\t\t<div class=\"elementor-widget-container\">\n\t\t\t\t\t\t\t\t\t<p>Vous cherchez \u00e0 faire des r\u00e9formes dans votre salle de bain \u00e0 Valence ? Nous proposons une large gamme d&#039;options de haute qualit\u00e9 \u00e0 des prix attractifs dans notre catalogue de r\u00e9novation de salle de bain. Que vous pr\u00e9f\u00e9riez un look classique avec des mat\u00e9riaux naturels comme le bois et la pierre, avec des lavabos sur colonne et des comptoirs en marbre, ou un look contemporain avec des lignes \u00e9pur\u00e9es et \u00e9pur\u00e9es, un \u00e9clairage \u00e0 incandescence visible et des luminaires discrets, nous pouvons vous aider \u00e0 transformer votre r\u00e9novation en une r\u00e9novation fonctionnelle et belle oeuvre d&#039;art.<\/p><p>Peu importe que vous pr\u00e9f\u00e9riez une baignoire ou une douche, des meubles coulissants ou des \u00e9tag\u00e8res, notre catalogue offre une grande vari\u00e9t\u00e9 d&#039;options pour satisfaire vos besoins. De plus, nos conseils de confiance vous aideront \u00e0 prendre les meilleures d\u00e9cisions pour atteindre le tierc\u00e9 fonctionnel, confort et style dans votre salle de bain r\u00e9nov\u00e9e.<\/p><p>N&#039;oubliez pas que vos moments les plus intimes n\u00e9cessitent une attention aux d\u00e9tails et des mat\u00e9riaux de haute qualit\u00e9 pour cr\u00e9er un environnement naturel et intemporel ou une simple harmonie qui invite \u00e0 l&#039;introspection. Et si vous avez besoin de plus d&#039;informations pour r\u00e9aliser la salle de bain de vos r\u00eaves, n&#039;h\u00e9sitez pas \u00e0 chercher sur Google, votre meilleur ami pour trouver tout ce dont vous avez besoin pour vos r\u00e9novations de salle de bain \u00e0 Valence !<\/p>\t\t\t\t\t\t\t\t<\/div>\n\t\t\t\t<\/div>\n\t\t\t\t\t<\/div>\n\t\t<\/div>\n\t\t\t\t\t<\/div>\n\t\t<\/section>\n\t\t\t\t<section class=\"elementor-section elementor-top-section elementor-element elementor-element-7bfc893 elementor-section-full_width elementor-section-height-default elementor-section-height-default\" data-id=\"7bfc893\" data-element_type=\"section\">\n\t\t\t\t\t\t<div class=\"elementor-container elementor-column-gap-default\">\n\t\t\t\t\t<div class=\"elementor-column elementor-col-100 elementor-top-column elementor-element elementor-element-8bbe0b8\" data-id=\"8bbe0b8\" data-element_type=\"column\">\n\t\t\t<div class=\"elementor-widget-wrap elementor-element-populated\">\n\t\t\t\t\t\t<div class=\"elementor-element elementor-element-9112b4c elementor-widget elementor-widget-gallery\" data-id=\"9112b4c\" data-element_type=\"widget\" data-settings=\"{&quot;gap&quot;:{&quot;unit&quot;:&quot;px&quot;,&quot;size&quot;:20,&quot;sizes&quot;:[]},&quot;aspect_ratio&quot;:&quot;4:3&quot;,&quot;gallery_layout&quot;:&quot;grid&quot;,&quot;columns&quot;:4,&quot;columns_tablet&quot;:2,&quot;columns_mobile&quot;:1,&quot;gap_tablet&quot;:{&quot;unit&quot;:&quot;px&quot;,&quot;size&quot;:10,&quot;sizes&quot;:[]},&quot;gap_mobile&quot;:{&quot;unit&quot;:&quot;px&quot;,&quot;size&quot;:10,&quot;sizes&quot;:[]},&quot;link_to&quot;:&quot;file&quot;}\" data-widget_type=\"gallery.default\">\n\t\t\t\t<div class=\"elementor-widget-container\">\n\t\t\t\t\t\t\t<div class=\"elementor-gallery__container\">\n\t\t\t\t\t\t\t<a class=\"e-gallery-item elementor-gallery-item\" href=\"https:\/\/grupodmh.es\/wp-content\/uploads\/2022\/08\/Reformas-de-banos-en-Valencia-2.jpg\" data-elementor-open-lightbox=\"yes\" data-elementor-lightbox-slideshow=\"9112b4c\" data-e-action-hash=\"#elementor-action%3Aaction%3Dlightbox%26settings%3DeyJpZCI6ODMyLCJ1cmwiOiJodHRwczpcL1wvZ3J1cG9kbWguZXNcL3dwLWNvbnRlbnRcL3VwbG9hZHNcLzIwMjJcLzA4XC9SZWZvcm1hcy1kZS1iYW5vcy1lbi1WYWxlbmNpYS0yLmpwZyIsInNsaWRlc2hvdyI6IjkxMTJiNGMifQ%3D%3D\">\n\t\t\t\t\t<div class=\"e-gallery-image elementor-gallery-item__image\" data-thumbnail=\"https:\/\/grupodmh.es\/wp-content\/uploads\/2022\/08\/Reformas-de-banos-en-Valencia-2.jpg\" data-width=\"1720\" data-height=\"1293\" aria-label=\"\" role=\"img\" ><\/div>\n\t\t\t\t\t\t\t\t\t\t\t\t\t\t<\/a>\n\t\t\t\t\t\t\t<a class=\"e-gallery-item elementor-gallery-item\" href=\"https:\/\/grupodmh.es\/wp-content\/uploads\/2022\/08\/type1-1.jpg\" data-elementor-open-lightbox=\"yes\" data-elementor-lightbox-slideshow=\"9112b4c\" data-e-action-hash=\"#elementor-action%3Aaction%3Dlightbox%26settings%3DeyJpZCI6NTA3LCJ1cmwiOiJodHRwczpcL1wvZ3J1cG9kbWguZXNcL3dwLWNvbnRlbnRcL3VwbG9hZHNcLzIwMjJcLzA4XC90eXBlMS0xLmpwZyIsInNsaWRlc2hvdyI6IjkxMTJiNGMifQ%3D%3D\">\n\t\t\t\t\t<div class=\"e-gallery-image elementor-gallery-item__image\" data-thumbnail=\"https:\/\/grupodmh.es\/wp-content\/uploads\/2022\/08\/type1-1.jpg\" data-width=\"700\" data-height=\"400\" aria-label=\"\" role=\"img\" ><\/div>\n\t\t\t\t\t\t\t\t\t\t\t\t\t\t<\/a>\n\t\t\t\t\t\t\t<a class=\"e-gallery-item elementor-gallery-item\" href=\"https:\/\/grupodmh.es\/wp-content\/uploads\/2022\/08\/Reformas-de-banos-en-Valencia.jpg\" data-elementor-open-lightbox=\"yes\" data-elementor-lightbox-slideshow=\"9112b4c\" data-e-action-hash=\"#elementor-action%3Aaction%3Dlightbox%26settings%3DeyJpZCI6ODMzLCJ1cmwiOiJodHRwczpcL1wvZ3J1cG9kbWguZXNcL3dwLWNvbnRlbnRcL3VwbG9hZHNcLzIwMjJcLzA4XC9SZWZvcm1hcy1kZS1iYW5vcy1lbi1WYWxlbmNpYS5qcGciLCJzbGlkZXNob3ciOiI5MTEyYjRjIn0%3D\">\n\t\t\t\t\t<div class=\"e-gallery-image elementor-gallery-item__image\" data-thumbnail=\"https:\/\/grupodmh.es\/wp-content\/uploads\/2022\/08\/Reformas-de-banos-en-Valencia.jpg\" data-width=\"1024\" data-height=\"683\" aria-label=\"\" role=\"img\" ><\/div>\n\t\t\t\t\t\t\t\t\t\t\t\t\t\t<\/a>\n\t\t\t\t\t\t\t<a class=\"e-gallery-item elementor-gallery-item\" href=\"https:\/\/grupodmh.es\/wp-content\/uploads\/2022\/08\/Reformas-de-banos-en-Valencia-1.jpg\" data-elementor-open-lightbox=\"yes\" data-elementor-lightbox-slideshow=\"9112b4c\" data-e-action-hash=\"#elementor-action%3Aaction%3Dlightbox%26settings%3DeyJpZCI6ODMxLCJ1cmwiOiJodHRwczpcL1wvZ3J1cG9kbWguZXNcL3dwLWNvbnRlbnRcL3VwbG9hZHNcLzIwMjJcLzA4XC9SZWZvcm1hcy1kZS1iYW5vcy1lbi1WYWxlbmNpYS0xLmpwZyIsInNsaWRlc2hvdyI6IjkxMTJiNGMifQ%3D%3D\">\n\t\t\t\t\t<div class=\"e-gallery-image elementor-gallery-item__image\" data-thumbnail=\"https:\/\/grupodmh.es\/wp-content\/uploads\/2022\/08\/Reformas-de-banos-en-Valencia-1.jpg\" data-width=\"1024\" data-height=\"643\" aria-label=\"\" role=\"img\" ><\/div>\n\t\t\t\t\t\t\t\t\t\t\t\t\t\t<\/a>\n\t\t\t\t\t<\/div>\n\t\t\t\t\t<\/div>\n\t\t\t\t<\/div>\n\t\t\t\t\t<\/div>\n\t\t<\/div>\n\t\t\t\t\t<\/div>\n\t\t<\/section>\n\t\t\t\t<\/div>","protected":false},"excerpt":{"rendered":"<p>\u00bfEst\u00e1s buscando realizar reformas en tu ba\u00f1o en Valencia? Tenemos una amplia gama de opciones de alta calidad y atractivos precios en nuestro cat\u00e1logo de renovaciones de ba\u00f1o. Tanto si prefieres un estilo cl\u00e1sico con materiales naturales como la madera y la piedra, con lavabos de pedestal y encimeras de m\u00e1rmol, como si te inclinas [&hellip;]<\/p>","protected":false},"author":1,"featured_media":0,"parent":0,"menu_order":0,"comment_status":"closed","ping_status":"closed","template":"","meta":{"_acf_changed":false,"footnotes":""},"class_list":["post-796","page","type-page","status-publish","hentry"],"acf":[],"_links":{"self":[{"href":"https:\/\/grupodmh.es\/fr\/wp-json\/wp\/v2\/pages\/796","targetHints":{"allow":["GET"]}}],"collection":[{"href":"https:\/\/grupodmh.es\/fr\/wp-json\/wp\/v2\/pages"}],"about":[{"href":"https:\/\/grupodmh.es\/fr\/wp-json\/wp\/v2\/types\/page"}],"author":[{"embeddable":true,"href":"https:\/\/grupodmh.es\/fr\/wp-json\/wp\/v2\/users\/1"}],"replies":[{"embeddable":true,"href":"https:\/\/grupodmh.es\/fr\/wp-json\/wp\/v2\/comments?post=796"}],"version-history":[{"count":22,"href":"https:\/\/grupodmh.es\/fr\/wp-json\/wp\/v2\/pages\/796\/revisions"}],"predecessor-version":[{"id":1226,"href":"https:\/\/grupodmh.es\/fr\/wp-json\/wp\/v2\/pages\/796\/revisions\/1226"}],"wp:attachment":[{"href":"https:\/\/grupodmh.es\/fr\/wp-json\/wp\/v2\/media?parent=796"}],"curies":[{"name":"wp","href":"https:\/\/api.w.org\/{rel}","templated":true}]}}