{"id":770,"date":"2022-08-20T08:48:59","date_gmt":"2022-08-20T08:48:59","guid":{"rendered":"http:\/\/grupodmh.es\/?page_id=770"},"modified":"2023-02-18T23:41:32","modified_gmt":"2023-02-18T23:41:32","slug":"reformas-interiores","status":"publish","type":"page","link":"https:\/\/grupodmh.es\/fr\/reformes-interieures\/","title":{"rendered":"r\u00e9formes int\u00e9rieures"},"content":{"rendered":"<div data-elementor-type=\"wp-page\" data-elementor-id=\"770\" class=\"elementor elementor-770\" data-elementor-post-type=\"page\">\n\t\t\t\t\t\t<section class=\"elementor-section elementor-top-section elementor-element elementor-element-a30e12e elementor-section-boxed elementor-section-height-default elementor-section-height-default\" data-id=\"a30e12e\" data-element_type=\"section\" data-e-type=\"section\">\n\t\t\t\t\t\t<div class=\"elementor-container elementor-column-gap-default\">\n\t\t\t\t\t<div class=\"elementor-column elementor-col-100 elementor-top-column elementor-element elementor-element-f750a12\" data-id=\"f750a12\" data-element_type=\"column\" data-e-type=\"column\">\n\t\t\t<div class=\"elementor-widget-wrap elementor-element-populated\">\n\t\t\t\t\t\t<div class=\"elementor-element elementor-element-e7274b6 elementor-widget elementor-widget-text-editor\" data-id=\"e7274b6\" data-element_type=\"widget\" data-e-type=\"widget\" data-widget_type=\"text-editor.default\">\n\t\t\t\t<div class=\"elementor-widget-container\">\n\t\t\t\t\t\t\t\t\t<p>Les meilleurs professionnels de la r\u00e9forme de Valence \u00e0 votre service pour que vous puissiez porter vos d\u00e9sirs et vos besoins \u00e0 un autre niveau en mati\u00e8re de design d&#039;int\u00e9rieur et de r\u00e9formes partielles. Si vous \u00eates quelqu&#039;un qui n&#039;est pas satisfait des r\u00e9formes conventionnelles propos\u00e9es sur le march\u00e9 et que vous souhaitez vous d\u00e9marquer en imprimant votre personnalit\u00e9 dans chaque pi\u00e8ce de votre maison ou de votre entreprise, nous sommes votre meilleur pari. Votre magasin, votre restaurant, votre bureau, votre maison seront le reflet de votre int\u00e9rieur le plus cr\u00e9atif et l&#039;admiration de tous. Vous n&#039;avez qu&#039;\u00e0 imaginer et nous vous prendrons par la main avec nos r\u00e9formes pour vous r\u00e9veiller dans vos r\u00eaves. Chaque facette de votre vie se refl\u00e8te comme un tableau dans chacune de vos pi\u00e8ces. Fonctionnalit\u00e9, confort et bon go\u00fbt forment un trio gagnant.<\/p>\t\t\t\t\t\t\t\t<\/div>\n\t\t\t\t<\/div>\n\t\t\t\t\t<\/div>\n\t\t<\/div>\n\t\t\t\t\t<\/div>\n\t\t<\/section>\n\t\t\t\t<section class=\"elementor-section elementor-top-section elementor-element elementor-element-cfbde6d elementor-section-full_width elementor-section-height-default elementor-section-height-default\" data-id=\"cfbde6d\" data-element_type=\"section\" data-e-type=\"section\">\n\t\t\t\t\t\t<div class=\"elementor-container elementor-column-gap-default\">\n\t\t\t\t\t<div class=\"elementor-column elementor-col-100 elementor-top-column elementor-element elementor-element-81110ac\" data-id=\"81110ac\" data-element_type=\"column\" data-e-type=\"column\">\n\t\t\t<div class=\"elementor-widget-wrap elementor-element-populated\">\n\t\t\t\t\t\t<div class=\"elementor-element elementor-element-530fbe2 elementor-widget elementor-widget-gallery\" data-id=\"530fbe2\" data-element_type=\"widget\" data-e-type=\"widget\" data-settings=\"{&quot;gap&quot;:{&quot;unit&quot;:&quot;px&quot;,&quot;size&quot;:20,&quot;sizes&quot;:[]},&quot;aspect_ratio&quot;:&quot;4:3&quot;,&quot;gallery_layout&quot;:&quot;grid&quot;,&quot;columns&quot;:4,&quot;columns_tablet&quot;:2,&quot;columns_mobile&quot;:1,&quot;gap_tablet&quot;:{&quot;unit&quot;:&quot;px&quot;,&quot;size&quot;:10,&quot;sizes&quot;:[]},&quot;gap_mobile&quot;:{&quot;unit&quot;:&quot;px&quot;,&quot;size&quot;:10,&quot;sizes&quot;:[]},&quot;link_to&quot;:&quot;file&quot;,&quot;content_hover_animation&quot;:&quot;fade-in&quot;}\" data-widget_type=\"gallery.default\">\n\t\t\t\t<div class=\"elementor-widget-container\">\n\t\t\t\t\t\t\t<div class=\"elementor-gallery__container\">\n\t\t\t\t\t\t\t<a class=\"e-gallery-item elementor-gallery-item elementor-animated-content\" href=\"https:\/\/grupodmh.es\/wp-content\/uploads\/2022\/08\/GrupoDMH-2.jpg\" data-elementor-open-lightbox=\"yes\" data-elementor-lightbox-slideshow=\"530fbe2\" data-e-action-hash=\"#elementor-action%3Aaction%3Dlightbox%26settings%3DeyJpZCI6NTMyLCJ1cmwiOiJodHRwczpcL1wvZ3J1cG9kbWguZXNcL3dwLWNvbnRlbnRcL3VwbG9hZHNcLzIwMjJcLzA4XC9HcnVwb0RNSC0yLmpwZyIsInNsaWRlc2hvdyI6IjUzMGZiZTIifQ%3D%3D\">\n\t\t\t\t\t<div class=\"e-gallery-image elementor-gallery-item__image\" data-thumbnail=\"https:\/\/grupodmh.es\/wp-content\/uploads\/2022\/08\/GrupoDMH-2.jpg\" data-width=\"1024\" data-height=\"768\" aria-label=\"\" role=\"img\" ><\/div>\n\t\t\t\t\t\t\t\t\t\t\t\t\t\t<\/a>\n\t\t\t\t\t\t\t<a class=\"e-gallery-item elementor-gallery-item elementor-animated-content\" href=\"https:\/\/grupodmh.es\/wp-content\/uploads\/2022\/08\/Reformas-Interiores-en-Valencia-2.jpg\" data-elementor-open-lightbox=\"yes\" data-elementor-lightbox-slideshow=\"530fbe2\" data-e-action-hash=\"#elementor-action%3Aaction%3Dlightbox%26settings%3DeyJpZCI6ODQ3LCJ1cmwiOiJodHRwczpcL1wvZ3J1cG9kbWguZXNcL3dwLWNvbnRlbnRcL3VwbG9hZHNcLzIwMjJcLzA4XC9SZWZvcm1hcy1JbnRlcmlvcmVzLWVuLVZhbGVuY2lhLTIuanBnIiwic2xpZGVzaG93IjoiNTMwZmJlMiJ9\">\n\t\t\t\t\t<div class=\"e-gallery-image elementor-gallery-item__image\" data-thumbnail=\"https:\/\/grupodmh.es\/wp-content\/uploads\/2022\/08\/Reformas-Interiores-en-Valencia-2.jpg\" data-width=\"1024\" data-height=\"760\" aria-label=\"R\u00e9formes int\u00e9rieures \u00e0 Valence\" role=\"img\" ><\/div>\n\t\t\t\t\t\t\t\t\t\t\t\t\t\t<\/a>\n\t\t\t\t\t\t\t<a class=\"e-gallery-item elementor-gallery-item elementor-animated-content\" href=\"https:\/\/grupodmh.es\/wp-content\/uploads\/2022\/08\/Reformas-Interiores-en-Valencia-1.jpg\" data-elementor-open-lightbox=\"yes\" data-elementor-lightbox-slideshow=\"530fbe2\" data-e-action-hash=\"#elementor-action%3Aaction%3Dlightbox%26settings%3DeyJpZCI6ODQ2LCJ1cmwiOiJodHRwczpcL1wvZ3J1cG9kbWguZXNcL3dwLWNvbnRlbnRcL3VwbG9hZHNcLzIwMjJcLzA4XC9SZWZvcm1hcy1JbnRlcmlvcmVzLWVuLVZhbGVuY2lhLTEuanBnIiwic2xpZGVzaG93IjoiNTMwZmJlMiJ9\">\n\t\t\t\t\t<div class=\"e-gallery-image elementor-gallery-item__image\" data-thumbnail=\"https:\/\/grupodmh.es\/wp-content\/uploads\/2022\/08\/Reformas-Interiores-en-Valencia-1.jpg\" data-width=\"1024\" data-height=\"683\" aria-label=\"R\u00e9formes int\u00e9rieures \u00e0 Valence\" role=\"img\" ><\/div>\n\t\t\t\t\t\t\t\t\t\t\t\t\t\t<\/a>\n\t\t\t\t\t\t\t<a class=\"e-gallery-item elementor-gallery-item elementor-animated-content\" href=\"https:\/\/grupodmh.es\/wp-content\/uploads\/2022\/08\/type1-3.jpg\" data-elementor-open-lightbox=\"yes\" data-elementor-lightbox-slideshow=\"530fbe2\" data-e-action-hash=\"#elementor-action%3Aaction%3Dlightbox%26settings%3DeyJpZCI6NTA5LCJ1cmwiOiJodHRwczpcL1wvZ3J1cG9kbWguZXNcL3dwLWNvbnRlbnRcL3VwbG9hZHNcLzIwMjJcLzA4XC90eXBlMS0zLmpwZyIsInNsaWRlc2hvdyI6IjUzMGZiZTIifQ%3D%3D\">\n\t\t\t\t\t<div class=\"e-gallery-image elementor-gallery-item__image\" data-thumbnail=\"https:\/\/grupodmh.es\/wp-content\/uploads\/2022\/08\/type1-3.jpg\" data-width=\"700\" data-height=\"400\" aria-label=\"\" role=\"img\" ><\/div>\n\t\t\t\t\t\t\t\t\t\t\t\t\t\t<\/a>\n\t\t\t\t\t<\/div>\n\t\t\t\t\t<\/div>\n\t\t\t\t<\/div>\n\t\t\t\t\t<\/div>\n\t\t<\/div>\n\t\t\t\t\t<\/div>\n\t\t<\/section>\n\t\t\t\t<\/div>","protected":false},"excerpt":{"rendered":"<p>Los mejores profesionales de la reforma en Valencia a tu servicio para que puedas llevar tus deseos y necesidades a otro nivel en materia de interiorismo y reformas parciales. Si eres alguien que no se conforma con las convencionales reformas que se ofrecen en el mercado y quieres destacarte imprimiendo tu personalidad en cada pieza [&hellip;]<\/p>","protected":false},"author":1,"featured_media":851,"parent":0,"menu_order":0,"comment_status":"closed","ping_status":"closed","template":"","meta":{"_acf_changed":false,"footnotes":""},"class_list":["post-770","page","type-page","status-publish","has-post-thumbnail","hentry"],"acf":[],"_links":{"self":[{"href":"https:\/\/grupodmh.es\/fr\/wp-json\/wp\/v2\/pages\/770","targetHints":{"allow":["GET"]}}],"collection":[{"href":"https:\/\/grupodmh.es\/fr\/wp-json\/wp\/v2\/pages"}],"about":[{"href":"https:\/\/grupodmh.es\/fr\/wp-json\/wp\/v2\/types\/page"}],"author":[{"embeddable":true,"href":"https:\/\/grupodmh.es\/fr\/wp-json\/wp\/v2\/users\/1"}],"replies":[{"embeddable":true,"href":"https:\/\/grupodmh.es\/fr\/wp-json\/wp\/v2\/comments?post=770"}],"version-history":[{"count":25,"href":"https:\/\/grupodmh.es\/fr\/wp-json\/wp\/v2\/pages\/770\/revisions"}],"predecessor-version":[{"id":1207,"href":"https:\/\/grupodmh.es\/fr\/wp-json\/wp\/v2\/pages\/770\/revisions\/1207"}],"wp:featuredmedia":[{"embeddable":true,"href":"https:\/\/grupodmh.es\/fr\/wp-json\/wp\/v2\/media\/851"}],"wp:attachment":[{"href":"https:\/\/grupodmh.es\/fr\/wp-json\/wp\/v2\/media?parent=770"}],"curies":[{"name":"wp","href":"https:\/\/api.w.org\/{rel}","templated":true}]}}