{"id":1084,"date":"2022-10-03T18:07:33","date_gmt":"2022-10-03T18:07:33","guid":{"rendered":"http:\/\/grupodmh.es\/?page_id=1084"},"modified":"2022-10-03T18:07:35","modified_gmt":"2022-10-03T18:07:35","slug":"albanil","status":"publish","type":"page","link":"https:\/\/grupodmh.es\/fr\/albanil\/","title":{"rendered":"Alba\u00f1il"},"content":{"rendered":"<p>Empresa de reparaci\u00f3n y montaje. Cumpliremos todos los tipos de los trabajos de reparaci\u00f3n y acabado, en cualquiera de los locales, el \u00e1rea de 3 hasta infinitos metros cuadrados.<\/p>\n\n\n\n<p>Desde el momento de su fundaci\u00f3n hasta la actualidad, estamos especializados en la realizaci\u00f3n de trabajos de reparaci\u00f3n en toda Valencia. Durante este tiempo, nuestra empresa ha tomado una posici\u00f3n de liderazgo en el mercado de la construcci\u00f3n y se gan\u00f3 la reputaci\u00f3n de ser un socio confiable.<\/p>\n\n\n\n<p>Garant\u00eda de calidad impecable y el menor costo de reparaci\u00f3n. Garant\u00eda gratuita y responsabilidad total.<\/p>\n\n\n\n<p><strong>\u00bfTienes algunas dudas?<\/strong><\/p>\n\n\n\n<p><a href=\"https:\/\/grupodmh.es\/fr\/\"><strong>Contactanos<\/strong><\/a><\/p>","protected":false},"excerpt":{"rendered":"<p>Empresa de reparaci\u00f3n y montaje. Cumpliremos todos los tipos de los trabajos de reparaci\u00f3n y acabado, en cualquiera de los locales, el \u00e1rea de 3 hasta infinitos metros cuadrados. Desde el momento de su fundaci\u00f3n hasta la actualidad, estamos especializados en la realizaci\u00f3n de trabajos de reparaci\u00f3n en toda Valencia. Durante este tiempo, nuestra empresa [&hellip;]<\/p>","protected":false},"author":1,"featured_media":0,"parent":0,"menu_order":0,"comment_status":"closed","ping_status":"closed","template":"","meta":{"_acf_changed":false,"footnotes":""},"class_list":["post-1084","page","type-page","status-publish","hentry"],"acf":[],"_links":{"self":[{"href":"https:\/\/grupodmh.es\/fr\/wp-json\/wp\/v2\/pages\/1084","targetHints":{"allow":["GET"]}}],"collection":[{"href":"https:\/\/grupodmh.es\/fr\/wp-json\/wp\/v2\/pages"}],"about":[{"href":"https:\/\/grupodmh.es\/fr\/wp-json\/wp\/v2\/types\/page"}],"author":[{"embeddable":true,"href":"https:\/\/grupodmh.es\/fr\/wp-json\/wp\/v2\/users\/1"}],"replies":[{"embeddable":true,"href":"https:\/\/grupodmh.es\/fr\/wp-json\/wp\/v2\/comments?post=1084"}],"version-history":[{"count":1,"href":"https:\/\/grupodmh.es\/fr\/wp-json\/wp\/v2\/pages\/1084\/revisions"}],"predecessor-version":[{"id":1085,"href":"https:\/\/grupodmh.es\/fr\/wp-json\/wp\/v2\/pages\/1084\/revisions\/1085"}],"wp:attachment":[{"href":"https:\/\/grupodmh.es\/fr\/wp-json\/wp\/v2\/media?parent=1084"}],"curies":[{"name":"wp","href":"https:\/\/api.w.org\/{rel}","templated":true}]}}