{"id":1292,"date":"2023-02-25T22:11:49","date_gmt":"2023-02-25T22:11:49","guid":{"rendered":"http:\/\/grupodmh.es\/?page_id=1292"},"modified":"2023-02-25T22:14:15","modified_gmt":"2023-02-25T22:14:15","slug":"reforma-del-bano","status":"publish","type":"page","link":"https:\/\/grupodmh.es\/en\/reforma-del-bano\/","title":{"rendered":"Reforma del ba\u00f1o"},"content":{"rendered":"<p><\/p>\n\n\n\n<figure class=\"wp-block-image size-large\"><img fetchpriority=\"high\" decoding=\"async\" width=\"1024\" height=\"768\" src=\"http:\/\/grupodmh.es\/wp-content\/uploads\/2023\/02\/photo_2022-10-05-22.53.35-1024x768.jpeg\" alt=\"Reforms Valencia |\" class=\"wp-image-1293\" srcset=\"https:\/\/grupodmh.es\/wp-content\/uploads\/2023\/02\/photo_2022-10-05-22.53.35-1024x768.jpeg 1024w, https:\/\/grupodmh.es\/wp-content\/uploads\/2023\/02\/photo_2022-10-05-22.53.35-300x225.jpeg 300w, https:\/\/grupodmh.es\/wp-content\/uploads\/2023\/02\/photo_2022-10-05-22.53.35-768x576.jpeg 768w, https:\/\/grupodmh.es\/wp-content\/uploads\/2023\/02\/photo_2022-10-05-22.53.35-16x12.jpeg 16w, https:\/\/grupodmh.es\/wp-content\/uploads\/2023\/02\/photo_2022-10-05-22.53.35.jpeg 1280w\" sizes=\"(max-width: 1024px) 100vw, 1024px\" \/><figcaption class=\"wp-element-caption\">Reforma del ba\u00f1o<\/figcaption><\/figure>\n\n\n\n<p><\/p>\n\n\n\n<p>La reforma del ba\u00f1o es una de las reformas m\u00e1s comunes en cualquier hogar. Ya sea por necesidad, por mejorar su aspecto o por actualizarlo a las \u00faltimas tendencias, son muchos los motivos por los que se decide llevar a cabo una reforma en este espacio de la casa.<\/p>\n\n\n\n<p>Lo primero que debemos tener en cuenta antes de empezar una reforma de ba\u00f1o es el presupuesto del que disponemos. Una vez establecido esto, podemos empezar a planificar la reforma y a decidir qu\u00e9 elementos queremos cambiar.<\/p>\n\n\n\n<p>Entre los elementos que suelen cambiarse en una reforma de ba\u00f1o se encuentran la ba\u00f1era o la ducha, el inodoro, el lavabo y los revestimientos del suelo y de las paredes. Adem\u00e1s, tambi\u00e9n se pueden cambiar los accesorios como las toallas, la cortina de ba\u00f1o o los muebles de almacenaje.<\/p>\n\n\n\n<p>En cuanto a los materiales utilizados en la reforma del ba\u00f1o, es importante elegir aquellos que sean duraderos y resistentes a la humedad, como los azulejos o la cer\u00e1mica. Tambi\u00e9n es importante elegir materiales que sean f\u00e1ciles de limpiar y que requieran poco mantenimiento.<\/p>\n\n\n\n<p>Otro aspecto importante a considerar en una reforma de ba\u00f1o es la distribuci\u00f3n del espacio. En muchas ocasiones, se puede ganar espacio cambiando la posici\u00f3n de la ba\u00f1era o la ducha, o eliminando elementos que no son necesarios.<\/p>\n\n\n\n<p>En definitiva, una reforma de ba\u00f1o puede ser una gran inversi\u00f3n que no solo mejorar\u00e1 la est\u00e9tica de nuestro hogar, sino que tambi\u00e9n puede aumentar su funcionalidad y comodidad. Con una buena planificaci\u00f3n y la elecci\u00f3n adecuada de materiales y elementos, podemos transformar completamente el aspecto de nuestro ba\u00f1o y hacer de \u00e9l un espacio m\u00e1s confortable y agradable.<\/p>","protected":false},"excerpt":{"rendered":"<p>La reforma del ba\u00f1o es una de las reformas m\u00e1s comunes en cualquier hogar. Ya sea por necesidad, por mejorar su aspecto o por actualizarlo a las \u00faltimas tendencias, son muchos los motivos por los que se decide llevar a cabo una reforma en este espacio de la casa. Lo primero que debemos tener en [&hellip;]<\/p>","protected":false},"author":2,"featured_media":0,"parent":0,"menu_order":0,"comment_status":"closed","ping_status":"closed","template":"","meta":{"_acf_changed":false,"footnotes":""},"class_list":["post-1292","page","type-page","status-publish","hentry"],"acf":[],"_links":{"self":[{"href":"https:\/\/grupodmh.es\/en\/wp-json\/wp\/v2\/pages\/1292","targetHints":{"allow":["GET"]}}],"collection":[{"href":"https:\/\/grupodmh.es\/en\/wp-json\/wp\/v2\/pages"}],"about":[{"href":"https:\/\/grupodmh.es\/en\/wp-json\/wp\/v2\/types\/page"}],"author":[{"embeddable":true,"href":"https:\/\/grupodmh.es\/en\/wp-json\/wp\/v2\/users\/2"}],"replies":[{"embeddable":true,"href":"https:\/\/grupodmh.es\/en\/wp-json\/wp\/v2\/comments?post=1292"}],"version-history":[{"count":4,"href":"https:\/\/grupodmh.es\/en\/wp-json\/wp\/v2\/pages\/1292\/revisions"}],"predecessor-version":[{"id":1297,"href":"https:\/\/grupodmh.es\/en\/wp-json\/wp\/v2\/pages\/1292\/revisions\/1297"}],"wp:attachment":[{"href":"https:\/\/grupodmh.es\/en\/wp-json\/wp\/v2\/media?parent=1292"}],"curies":[{"name":"wp","href":"https:\/\/api.w.org\/{rel}","templated":true}]}}