{"id":1077,"date":"2022-10-03T18:04:19","date_gmt":"2022-10-03T18:04:19","guid":{"rendered":"http:\/\/grupodmh.es\/?page_id=1077"},"modified":"2023-02-19T08:12:59","modified_gmt":"2023-02-19T08:12:59","slug":"fontaneria","status":"publish","type":"page","link":"https:\/\/grupodmh.es\/en\/plumbing\/","title":{"rendered":"Plumbing"},"content":{"rendered":"<div data-elementor-type=\"wp-page\" data-elementor-id=\"1077\" class=\"elementor elementor-1077\" data-elementor-post-type=\"page\">\n\t\t\t\t\t\t<section class=\"elementor-section elementor-top-section elementor-element elementor-element-10926310 elementor-section-boxed elementor-section-height-default elementor-section-height-default\" data-id=\"10926310\" data-element_type=\"section\">\n\t\t\t\t\t\t<div class=\"elementor-container elementor-column-gap-default\">\n\t\t\t\t\t<div class=\"elementor-column elementor-col-100 elementor-top-column elementor-element elementor-element-7d8da206\" data-id=\"7d8da206\" data-element_type=\"column\">\n\t\t\t<div class=\"elementor-widget-wrap elementor-element-populated\">\n\t\t\t\t\t\t<div class=\"elementor-element elementor-element-2fcc6e8e elementor-widget elementor-widget-text-editor\" data-id=\"2fcc6e8e\" data-element_type=\"widget\" data-widget_type=\"text-editor.default\">\n\t\t\t\t<div class=\"elementor-widget-container\">\n\t\t\t\t\t\t\t\t\t\n<p>If you are looking for plumbing installation services in Valencia, you have come to the right place. Our team of highly skilled plumbers is ready to help you with all your plumbing needs.<\/p>\n<p>Whether you need a pipe repair, faucet installation or a complete renovation of your plumbing system, we can provide effective and long-lasting solutions.<\/p>\n<p>We make sure to use only the highest quality materials and state-of-the-art tools to ensure that every job is done efficiently and at a reasonable price. Plus, our plumbers are available 24\/7 to handle any plumbing emergency.<\/p>\n<p>It doesn&#039;t matter if you own a house or a business in Valencia, our plumbing services are designed to suit your specific needs and ensure the job is done perfectly. Trust us for any plumbing job in Valencia.<\/p>\n\n<p><strong>Do you have some doubts?<\/strong><\/p>\n\n<p><a href=\"https:\/\/grupodmh.es\/en\/\"><strong>Contact us<\/strong><\/a><\/p>\n\t\t\t\t\t\t\t\t<\/div>\n\t\t\t\t<\/div>\n\t\t\t\t\t<\/div>\n\t\t<\/div>\n\t\t\t\t\t<\/div>\n\t\t<\/section>\n\t\t\t\t<\/div>","protected":false},"excerpt":{"rendered":"<p>Si est\u00e1s buscando servicios de instalaci\u00f3n de fontaner\u00eda en Valencia, has llegado al lugar adecuado. Nuestro equipo de fontaneros altamente cualificados est\u00e1 listo para ayudarte con todas tus necesidades de fontaner\u00eda. Ya sea que necesites una reparaci\u00f3n de tuber\u00edas, una instalaci\u00f3n de grifos o una renovaci\u00f3n completa de tu sistema de fontaner\u00eda, podemos proporcionarte soluciones [&hellip;]<\/p>","protected":false},"author":1,"featured_media":0,"parent":0,"menu_order":0,"comment_status":"closed","ping_status":"closed","template":"","meta":{"_acf_changed":false,"footnotes":""},"class_list":["post-1077","page","type-page","status-publish","hentry"],"acf":[],"_links":{"self":[{"href":"https:\/\/grupodmh.es\/en\/wp-json\/wp\/v2\/pages\/1077","targetHints":{"allow":["GET"]}}],"collection":[{"href":"https:\/\/grupodmh.es\/en\/wp-json\/wp\/v2\/pages"}],"about":[{"href":"https:\/\/grupodmh.es\/en\/wp-json\/wp\/v2\/types\/page"}],"author":[{"embeddable":true,"href":"https:\/\/grupodmh.es\/en\/wp-json\/wp\/v2\/users\/1"}],"replies":[{"embeddable":true,"href":"https:\/\/grupodmh.es\/en\/wp-json\/wp\/v2\/comments?post=1077"}],"version-history":[{"count":8,"href":"https:\/\/grupodmh.es\/en\/wp-json\/wp\/v2\/pages\/1077\/revisions"}],"predecessor-version":[{"id":1263,"href":"https:\/\/grupodmh.es\/en\/wp-json\/wp\/v2\/pages\/1077\/revisions\/1263"}],"wp:attachment":[{"href":"https:\/\/grupodmh.es\/en\/wp-json\/wp\/v2\/media?parent=1077"}],"curies":[{"name":"wp","href":"https:\/\/api.w.org\/{rel}","templated":true}]}}