{"id":975,"date":"2022-08-20T11:27:21","date_gmt":"2022-08-20T11:27:21","guid":{"rendered":"http:\/\/grupodmh.es\/?page_id=975"},"modified":"2023-02-19T08:18:08","modified_gmt":"2023-02-19T08:18:08","slug":"placas-de-pladur","status":"publish","type":"page","link":"https:\/\/grupodmh.es\/de\/placas-de-pladur\/","title":{"rendered":"Placas de pladur"},"content":{"rendered":"<div data-elementor-type=\"wp-page\" data-elementor-id=\"975\" class=\"elementor elementor-975\" data-elementor-post-type=\"page\">\n\t\t\t\t\t\t<section class=\"elementor-section elementor-top-section elementor-element elementor-element-12a24c7b elementor-section-boxed elementor-section-height-default elementor-section-height-default\" data-id=\"12a24c7b\" data-element_type=\"section\">\n\t\t\t\t\t\t<div class=\"elementor-container elementor-column-gap-default\">\n\t\t\t\t\t<div class=\"elementor-column elementor-col-100 elementor-top-column elementor-element elementor-element-1311b087\" data-id=\"1311b087\" data-element_type=\"column\">\n\t\t\t<div class=\"elementor-widget-wrap elementor-element-populated\">\n\t\t\t\t\t\t<div class=\"elementor-element elementor-element-1b5c0909 elementor-widget elementor-widget-text-editor\" data-id=\"1b5c0909\" data-element_type=\"widget\" data-widget_type=\"text-editor.default\">\n\t\t\t\t<div class=\"elementor-widget-container\">\n\t\t\t\t\t\t\t\t\t\n<p><strong>Paredes y techos perfectos<\/strong><\/p>\n\n<div class=\"flex-1 overflow-hidden\">\n<div class=\"react-scroll-to-bottom--css-vkefx-79elbk h-full dark:bg-gray-800\">\n<div class=\"react-scroll-to-bottom--css-vkefx-1n7m0yu\">\n<div class=\"flex flex-col items-center text-sm dark:bg-gray-800\">\n<div class=\"w-full border-b border-black\/10 dark:border-gray-900\/50 text-gray-800 dark:text-gray-100 group bg-gray-50 dark:bg-[#444654]\">\n<div class=\"text-base gap-4 md:gap-6 m-auto md:max-w-2xl lg:max-w-2xl xl:max-w-3xl p-4 md:py-6 flex lg:px-0\">\n<div class=\"relative flex w-[calc(100%-50px)] flex-col gap-1 md:gap-3 lg:w-[calc(100%-115px)]\">\n<div class=\"flex flex-grow flex-col gap-3\">\n<div class=\"min-h-[20px] flex flex-col items-start gap-4 whitespace-pre-wrap\">\n<div class=\"markdown prose w-full break-words dark:prose-invert light\">\n<p>Si est\u00e1s buscando mejorar tu hogar o negocio en Valencia con una instalaci\u00f3n de pladur, est\u00e1s en el lugar adecuado. En nuestra empresa de construcci\u00f3n, nos especializamos en la instalaci\u00f3n de pladur para crear espacios hermosos y funcionales.<\/p>\n<p>El pladur es una excelente opci\u00f3n para remodelaciones y renovaciones, ya que es un material vers\u00e1til, liviano y f\u00e1cil de instalar. Adem\u00e1s, el pladur es resistente a la humedad y al fuego, lo que lo hace una excelente opci\u00f3n para ba\u00f1os, cocinas y cualquier \u00e1rea que requiera un material duradero.<\/p>\n<p>Nuestro equipo de expertos en instalaci\u00f3n de pladur cuenta con a\u00f1os de experiencia en la instalaci\u00f3n de techos, paredes, tabiques y mucho m\u00e1s. Trabajamos de manera eficiente y limpia, y siempre nos aseguramos de que el resultado final sea de la m\u00e1s alta calidad.<\/p>\n<p>Tambi\u00e9n podemos ayudarte con el dise\u00f1o y la planificaci\u00f3n de tu proyecto de instalaci\u00f3n de pladur, asegur\u00e1ndonos de que se adapte a tus necesidades y presupuesto. Estamos comprometidos con la satisfacci\u00f3n del cliente y siempre nos esforzamos por superar tus expectativas.<\/p>\n<p>Si est\u00e1s buscando una instalaci\u00f3n de pladur de calidad en Valencia, no dudes en contactarnos. Estaremos encantados de ayudarte a transformar tu hogar o negocio con nuestros servicios de instalaci\u00f3n de pladur.<\/p>\n<\/div>\n<\/div>\n<\/div>\n<div class=\"flex justify-between\">\n<div class=\"text-gray-400 flex self-end lg:self-center justify-center mt-2 gap-3 md:gap-4 lg:gap-1 lg:absolute lg:top-0 lg:translate-x-full lg:right-0 lg:mt-0 lg:pl-2 visible\">\u00a0<\/div>\n<\/div>\n<\/div>\n<\/div>\n<\/div>\n<div class=\"w-full h-32 md:h-48 flex-shrink-0\">\u00a0<\/div>\n<\/div>\n<button class=\"cursor-pointer absolute right-6 bottom-[124px] md:bottom-[120px] z-10 rounded-full border border-gray-200 bg-gray-50 text-gray-600 dark:border-white\/10 dark:bg-white\/10 dark:text-gray-200\"><\/button><\/div>\n<\/div>\n<\/div>\n<div class=\"absolute bottom-0 left-0 w-full border-t md:border-t-0 dark:border-white\/20 md:border-transparent md:dark:border-transparent md:bg-vert-light-gradient bg-white dark:bg-gray-800 md:!bg-transparent dark:md:bg-vert-dark-gradient\">\n<div class=\"relative flex h-full flex-1 md:flex-col\">\n<div class=\"flex ml-1 mt-1.5 md:w-full md:m-auto md:mb-2 gap-0 md:gap-2 justify-center\">\u00a0<\/div>\n<\/div>\n<\/div>\n<p>\u00a0<\/p>\n\t\t\t\t\t\t\t\t<\/div>\n\t\t\t\t<\/div>\n\t\t\t\t\t<\/div>\n\t\t<\/div>\n\t\t\t\t\t<\/div>\n\t\t<\/section>\n\t\t\t\t<\/div>","protected":false},"excerpt":{"rendered":"<p>Paredes y techos perfectos Si est\u00e1s buscando mejorar tu hogar o negocio en Valencia con una instalaci\u00f3n de pladur, est\u00e1s en el lugar adecuado. En nuestra empresa de construcci\u00f3n, nos especializamos en la instalaci\u00f3n de pladur para crear espacios hermosos y funcionales. El pladur es una excelente opci\u00f3n para remodelaciones y renovaciones, ya que es [&hellip;]<\/p>","protected":false},"author":1,"featured_media":0,"parent":0,"menu_order":0,"comment_status":"closed","ping_status":"closed","template":"","meta":{"_acf_changed":false,"footnotes":""},"class_list":["post-975","page","type-page","status-publish","hentry"],"acf":[],"_links":{"self":[{"href":"https:\/\/grupodmh.es\/de\/wp-json\/wp\/v2\/pages\/975","targetHints":{"allow":["GET"]}}],"collection":[{"href":"https:\/\/grupodmh.es\/de\/wp-json\/wp\/v2\/pages"}],"about":[{"href":"https:\/\/grupodmh.es\/de\/wp-json\/wp\/v2\/types\/page"}],"author":[{"embeddable":true,"href":"https:\/\/grupodmh.es\/de\/wp-json\/wp\/v2\/users\/1"}],"replies":[{"embeddable":true,"href":"https:\/\/grupodmh.es\/de\/wp-json\/wp\/v2\/comments?post=975"}],"version-history":[{"count":10,"href":"https:\/\/grupodmh.es\/de\/wp-json\/wp\/v2\/pages\/975\/revisions"}],"predecessor-version":[{"id":1272,"href":"https:\/\/grupodmh.es\/de\/wp-json\/wp\/v2\/pages\/975\/revisions\/1272"}],"wp:attachment":[{"href":"https:\/\/grupodmh.es\/de\/wp-json\/wp\/v2\/media?parent=975"}],"curies":[{"name":"wp","href":"https:\/\/api.w.org\/{rel}","templated":true}]}}