{"id":973,"date":"2022-08-20T11:24:45","date_gmt":"2022-08-20T11:24:45","guid":{"rendered":"http:\/\/grupodmh.es\/?page_id=973"},"modified":"2023-02-19T08:23:12","modified_gmt":"2023-02-19T08:23:12","slug":"trabajos-de-pintura","status":"publish","type":"page","link":"https:\/\/grupodmh.es\/de\/trabajos-de-pintura\/","title":{"rendered":"Trabajos de pintura"},"content":{"rendered":"<div data-elementor-type=\"wp-page\" data-elementor-id=\"973\" class=\"elementor elementor-973\" data-elementor-post-type=\"page\">\n\t\t\t\t\t\t<section class=\"elementor-section elementor-top-section elementor-element elementor-element-7e7c53a5 elementor-section-boxed elementor-section-height-default elementor-section-height-default\" data-id=\"7e7c53a5\" data-element_type=\"section\">\n\t\t\t\t\t\t<div class=\"elementor-container elementor-column-gap-default\">\n\t\t\t\t\t<div class=\"elementor-column elementor-col-100 elementor-top-column elementor-element elementor-element-77162e96\" data-id=\"77162e96\" data-element_type=\"column\">\n\t\t\t<div class=\"elementor-widget-wrap elementor-element-populated\">\n\t\t\t\t\t\t<div class=\"elementor-element elementor-element-4b8d2f90 elementor-widget elementor-widget-text-editor\" data-id=\"4b8d2f90\" data-element_type=\"widget\" data-widget_type=\"text-editor.default\">\n\t\t\t\t<div class=\"elementor-widget-container\">\n\t\t\t\t\t\t\t\t\t\n<p><strong>Pintura de paredes, techos<\/strong><\/p>\n\n<p>En nuestra empresa de construcci\u00f3n \u00abgrupoDMH\u00bb nos especializamos en la pintura de paredes y techos para lograr un acabado impecable y duradero. Ofrecemos una amplia gama de servicios de pintura, desde la preparaci\u00f3n preliminar de la superficie hasta la elecci\u00f3n correcta de la pintura y la herramienta utilizada para el trabajo.<\/p>\n<p>El trabajo de pintura es una etapa cr\u00edtica en cualquier proyecto de renovaci\u00f3n, ya que es la fase final que determina el aspecto final de la habitaci\u00f3n. Nuestros especialistas en pintura tienen a\u00f1os de experiencia en la preparaci\u00f3n de superficies y aplicaci\u00f3n de pintura, lo que garantiza un resultado final de alta calidad.<\/p>\n<p>Adem\u00e1s de la pintura de paredes y techos, tambi\u00e9n ofrecemos servicios de papel tapiz, pintura de fachadas y otros trabajos de pintura para satisfacer todas tus necesidades de decoraci\u00f3n y renovaci\u00f3n.<\/p>\n<p>Utilizamos materiales de alta calidad y t\u00e9cnicas de pintura avanzadas para garantizar un acabado duradero y de alta calidad. Adem\u00e1s, nuestros especialistas tienen experiencia en la pintura de placas de yeso, que es uno de los tipos m\u00e1s populares de decoraci\u00f3n de paredes y techos.<\/p>\n<p>Nuestros servicios de pintura incluyen la preparaci\u00f3n de paredes y techos, imprimaci\u00f3n con rodillo, masilla, yeso de faro, nivelaci\u00f3n del techo, paredes, pendientes y esquinas, blanqueado, pintura de paneles de yeso, encolado de baguettes, malla de refuerzo, tela no tejida y papel tapiz. Adem\u00e1s, podemos realizar trabajos de pintura en cualquier \u00e9poca del a\u00f1o, utilizando composiciones al \u00f3leo en invierno para garantizar la calidad del trabajo.<\/p>\n<p>En resumen, si est\u00e1s buscando una empresa confiable y profesional para la pintura de paredes y techos en Valencia, no dudes en contactarnos. Estaremos encantados de ayudarte a crear un ambiente hermoso y c\u00f3modo en tu hogar o lugar de trabajo con nuestros servicios de pintura de alta calidad.<\/p>\n<p>\u00a0<\/p>\n\t\t\t\t\t\t\t\t<\/div>\n\t\t\t\t<\/div>\n\t\t\t\t\t<\/div>\n\t\t<\/div>\n\t\t\t\t\t<\/div>\n\t\t<\/section>\n\t\t\t\t<\/div>","protected":false},"excerpt":{"rendered":"<p>Pintura de paredes, techos En nuestra empresa de construcci\u00f3n \u00abgrupoDMH\u00bb nos especializamos en la pintura de paredes y techos para lograr un acabado impecable y duradero. Ofrecemos una amplia gama de servicios de pintura, desde la preparaci\u00f3n preliminar de la superficie hasta la elecci\u00f3n correcta de la pintura y la herramienta utilizada para el trabajo. [&hellip;]<\/p>","protected":false},"author":1,"featured_media":0,"parent":0,"menu_order":0,"comment_status":"closed","ping_status":"closed","template":"","meta":{"_acf_changed":false,"footnotes":""},"class_list":["post-973","page","type-page","status-publish","hentry"],"acf":[],"_links":{"self":[{"href":"https:\/\/grupodmh.es\/de\/wp-json\/wp\/v2\/pages\/973","targetHints":{"allow":["GET"]}}],"collection":[{"href":"https:\/\/grupodmh.es\/de\/wp-json\/wp\/v2\/pages"}],"about":[{"href":"https:\/\/grupodmh.es\/de\/wp-json\/wp\/v2\/types\/page"}],"author":[{"embeddable":true,"href":"https:\/\/grupodmh.es\/de\/wp-json\/wp\/v2\/users\/1"}],"replies":[{"embeddable":true,"href":"https:\/\/grupodmh.es\/de\/wp-json\/wp\/v2\/comments?post=973"}],"version-history":[{"count":10,"href":"https:\/\/grupodmh.es\/de\/wp-json\/wp\/v2\/pages\/973\/revisions"}],"predecessor-version":[{"id":1281,"href":"https:\/\/grupodmh.es\/de\/wp-json\/wp\/v2\/pages\/973\/revisions\/1281"}],"wp:attachment":[{"href":"https:\/\/grupodmh.es\/de\/wp-json\/wp\/v2\/media?parent=973"}],"curies":[{"name":"wp","href":"https:\/\/api.w.org\/{rel}","templated":true}]}}