{"id":802,"date":"2022-08-20T09:11:03","date_gmt":"2022-08-20T09:11:03","guid":{"rendered":"http:\/\/grupodmh.es\/?page_id=802"},"modified":"2023-02-18T23:58:01","modified_gmt":"2023-02-18T23:58:01","slug":"reformas-de-cocina","status":"publish","type":"page","link":"https:\/\/grupodmh.es\/de\/reformas-de-cocina\/","title":{"rendered":"Reformas de cocina"},"content":{"rendered":"<div data-elementor-type=\"wp-page\" data-elementor-id=\"802\" class=\"elementor elementor-802\" data-elementor-post-type=\"page\">\n\t\t\t\t\t\t<section class=\"elementor-section elementor-top-section elementor-element elementor-element-b94d714 elementor-section-boxed elementor-section-height-default elementor-section-height-default\" data-id=\"b94d714\" data-element_type=\"section\">\n\t\t\t\t\t\t<div class=\"elementor-container elementor-column-gap-default\">\n\t\t\t\t\t<div class=\"elementor-column elementor-col-100 elementor-top-column elementor-element elementor-element-d24f140\" data-id=\"d24f140\" data-element_type=\"column\">\n\t\t\t<div class=\"elementor-widget-wrap elementor-element-populated\">\n\t\t\t\t\t\t<div class=\"elementor-element elementor-element-a7c1fbd elementor-widget elementor-widget-text-editor\" data-id=\"a7c1fbd\" data-element_type=\"widget\" data-widget_type=\"text-editor.default\">\n\t\t\t\t<div class=\"elementor-widget-container\">\n\t\t\t\t\t\t\t\t\t<p>El altar de tu creatividad. Aqu\u00ed te conviertes en el artista que todos podr\u00e1n apreciar en los matices de tus platos creados a partir de un entorno funcional y amigable. La tr\u00edada que capitanea esta la reforma de esta estancia est\u00e1 formada por la iluminaci\u00f3n, la ventilaci\u00f3n y la distribuci\u00f3n del espacio de trabajo.\u00a0<\/p><p>La reforma de tu cocina revaloriza tu casa y la convierte en una apuesta de futuro que debes meditar\u00a0 con atenci\u00f3n. Antes de dejarte seducir por los elementos decorativos sugerimos que te centres en el equipamiento de calidad y su distribuci\u00f3n en el espacio. La asignaci\u00f3n de zonas para la cocci\u00f3n, el lavado y servir los platos ha de estar bien planificada.\u00a0<\/p><p>El dise\u00f1o en forma de U es el m\u00e1s eficiente para las cocinas peque\u00f1as, mientras que para las grandes es preferible optar por el dise\u00f1o en forma de L. Una vez elegido el dise\u00f1o b\u00e1sico ya puedes proyectar tu personalidad en la elecci\u00f3n de los armarios, las encimeras, los salpicaderos y las puertas para obtener el impacto final que te guste.\u00a0<\/p><p>Los materiales van desde la madera, que aporta una sensaci\u00f3n hogare\u00f1a, hasta los cuarzos y el granito que son m\u00e1s resistentes e higi\u00e9nicos.\u00a0<\/p><p>Todo ello siempre conectado por un trabajo de fontaner\u00eda y electricidad de primer orden como ofrecemos en todas nuestras reformas.\u00a0<\/p><p>\u00bfQu\u00e9 cocina prefieres?<\/p><p><b>Tradicional<\/b><\/p><p>R\u00fasticas, camperas, estilo retro o vintage, con todo el sabor de la cocina familiar de siempre en cada detalle. Pavimentos de roble o de mosaico hidr\u00e1ulico, la piedra o el metal como c\u00f3mplices y unos taburetes de madera pueden ser s\u00f3lo el principio. Tiradores de concha, molduras, l\u00e1mparas colgantes y vitrinas en tus muebles lograr\u00e1n ese toque personal que invita a sentarse.<\/p><p>La combinaci\u00f3n del color blanco, la madera y los azulejos artesanos nunca falla. Si adem\u00e1s te atreves con una pila de m\u00e1rmol y papel pintado lograr\u00e1s que tus amigos regresen a la infancia saboreando tus platos.<\/p><p><b>Contempor\u00e1nea<\/b><\/p><p>N\u00f3rdica, japonesa, vanguardista, tu estilo de vida retratado en cualquiera de las m\u00faltiples opciones de que disponemos. La combinaci\u00f3n de blancos y negros, los metalizados y las l\u00edneas limpias acoger\u00e1n parte del sal\u00f3n o se vestir\u00e1n con campa\u00f1as de cristal, paredes de madera, grifer\u00eda con tecnolog\u00eda avanzada, l\u00e1mparas tipo aplique, isla de trabajo, suelo de microcemento y mobiliario sin tiradores que te seducir\u00e1n por su elegancia y sencillez.<\/p><p>La sensaci\u00f3n de continuidad visual en los espacios se consigue teniendo como aliados a la iluminaci\u00f3n de corte industrial con leds empotrados y las superficies de aluminio y acero e incluso las campanas empotradas en el techo. Aqu\u00ed es donde una reforma del m\u00e1ximo nivel saca pecho.<\/p>\t\t\t\t\t\t\t\t<\/div>\n\t\t\t\t<\/div>\n\t\t\t\t\t<\/div>\n\t\t<\/div>\n\t\t\t\t\t<\/div>\n\t\t<\/section>\n\t\t\t\t<section class=\"elementor-section elementor-top-section elementor-element elementor-element-32d871c elementor-section-full_width elementor-section-height-default elementor-section-height-default\" data-id=\"32d871c\" data-element_type=\"section\">\n\t\t\t\t\t\t<div class=\"elementor-container elementor-column-gap-default\">\n\t\t\t\t\t<div class=\"elementor-column elementor-col-100 elementor-top-column elementor-element elementor-element-517fdc2\" data-id=\"517fdc2\" data-element_type=\"column\">\n\t\t\t<div class=\"elementor-widget-wrap elementor-element-populated\">\n\t\t\t\t\t\t<div class=\"elementor-element elementor-element-58dc007 elementor-widget elementor-widget-gallery\" data-id=\"58dc007\" data-element_type=\"widget\" data-settings=\"{&quot;gap&quot;:{&quot;unit&quot;:&quot;px&quot;,&quot;size&quot;:20,&quot;sizes&quot;:[]},&quot;aspect_ratio&quot;:&quot;4:3&quot;,&quot;gallery_layout&quot;:&quot;grid&quot;,&quot;columns&quot;:4,&quot;columns_tablet&quot;:2,&quot;columns_mobile&quot;:1,&quot;gap_tablet&quot;:{&quot;unit&quot;:&quot;px&quot;,&quot;size&quot;:10,&quot;sizes&quot;:[]},&quot;gap_mobile&quot;:{&quot;unit&quot;:&quot;px&quot;,&quot;size&quot;:10,&quot;sizes&quot;:[]},&quot;link_to&quot;:&quot;file&quot;,&quot;content_hover_animation&quot;:&quot;fade-in&quot;}\" data-widget_type=\"gallery.default\">\n\t\t\t\t<div class=\"elementor-widget-container\">\n\t\t\t\t\t\t\t<div class=\"elementor-gallery__container\">\n\t\t\t\t\t\t\t<a class=\"e-gallery-item elementor-gallery-item elementor-animated-content\" href=\"https:\/\/grupodmh.es\/wp-content\/uploads\/2022\/08\/type1-7.jpg\" data-elementor-open-lightbox=\"yes\" data-elementor-lightbox-slideshow=\"58dc007\" data-e-action-hash=\"#elementor-action%3Aaction%3Dlightbox%26settings%3DeyJpZCI6NTEzLCJ1cmwiOiJodHRwczpcL1wvZ3J1cG9kbWguZXNcL3dwLWNvbnRlbnRcL3VwbG9hZHNcLzIwMjJcLzA4XC90eXBlMS03LmpwZyIsInNsaWRlc2hvdyI6IjU4ZGMwMDcifQ%3D%3D\">\n\t\t\t\t\t<div class=\"e-gallery-image elementor-gallery-item__image\" data-thumbnail=\"https:\/\/grupodmh.es\/wp-content\/uploads\/2022\/08\/type1-7.jpg\" data-width=\"700\" data-height=\"400\" aria-label=\"\" role=\"img\" ><\/div>\n\t\t\t\t\t\t\t\t\t\t\t\t\t\t<\/a>\n\t\t\t\t\t\t\t<a class=\"e-gallery-item elementor-gallery-item elementor-animated-content\" href=\"https:\/\/grupodmh.es\/wp-content\/uploads\/2022\/08\/Reformas-de-cocina-en-Valencia-1.jpg\" data-elementor-open-lightbox=\"yes\" data-elementor-lightbox-slideshow=\"58dc007\" data-e-action-hash=\"#elementor-action%3Aaction%3Dlightbox%26settings%3DeyJpZCI6ODYzLCJ1cmwiOiJodHRwczpcL1wvZ3J1cG9kbWguZXNcL3dwLWNvbnRlbnRcL3VwbG9hZHNcLzIwMjJcLzA4XC9SZWZvcm1hcy1kZS1jb2NpbmEtZW4tVmFsZW5jaWEtMS5qcGciLCJzbGlkZXNob3ciOiI1OGRjMDA3In0%3D\">\n\t\t\t\t\t<div class=\"e-gallery-image elementor-gallery-item__image\" data-thumbnail=\"https:\/\/grupodmh.es\/wp-content\/uploads\/2022\/08\/Reformas-de-cocina-en-Valencia-1.jpg\" data-width=\"1024\" data-height=\"576\" aria-label=\"Reformas de cocina en Valencia 1\" role=\"img\" ><\/div>\n\t\t\t\t\t\t\t\t\t\t\t\t\t\t<\/a>\n\t\t\t\t\t\t\t<a class=\"e-gallery-item elementor-gallery-item elementor-animated-content\" href=\"https:\/\/grupodmh.es\/wp-content\/uploads\/2022\/08\/Reformas-de-cocina-en-Valencia.jpg\" data-elementor-open-lightbox=\"yes\" data-elementor-lightbox-slideshow=\"58dc007\" data-e-action-hash=\"#elementor-action%3Aaction%3Dlightbox%26settings%3DeyJpZCI6ODY1LCJ1cmwiOiJodHRwczpcL1wvZ3J1cG9kbWguZXNcL3dwLWNvbnRlbnRcL3VwbG9hZHNcLzIwMjJcLzA4XC9SZWZvcm1hcy1kZS1jb2NpbmEtZW4tVmFsZW5jaWEuanBnIiwic2xpZGVzaG93IjoiNThkYzAwNyJ9\">\n\t\t\t\t\t<div class=\"e-gallery-image elementor-gallery-item__image\" data-thumbnail=\"https:\/\/grupodmh.es\/wp-content\/uploads\/2022\/08\/Reformas-de-cocina-en-Valencia.jpg\" data-width=\"1024\" data-height=\"686\" aria-label=\"Reformas de cocina en Valencia 1\" role=\"img\" ><\/div>\n\t\t\t\t\t\t\t\t\t\t\t\t\t\t<\/a>\n\t\t\t\t\t\t\t<a class=\"e-gallery-item elementor-gallery-item elementor-animated-content\" href=\"https:\/\/grupodmh.es\/wp-content\/uploads\/2022\/08\/Reformas-de-cocina-en-Valencia-2.jpg\" data-elementor-open-lightbox=\"yes\" data-elementor-lightbox-slideshow=\"58dc007\" data-e-action-hash=\"#elementor-action%3Aaction%3Dlightbox%26settings%3DeyJpZCI6ODY0LCJ1cmwiOiJodHRwczpcL1wvZ3J1cG9kbWguZXNcL3dwLWNvbnRlbnRcL3VwbG9hZHNcLzIwMjJcLzA4XC9SZWZvcm1hcy1kZS1jb2NpbmEtZW4tVmFsZW5jaWEtMi5qcGciLCJzbGlkZXNob3ciOiI1OGRjMDA3In0%3D\">\n\t\t\t\t\t<div class=\"e-gallery-image elementor-gallery-item__image\" data-thumbnail=\"https:\/\/grupodmh.es\/wp-content\/uploads\/2022\/08\/Reformas-de-cocina-en-Valencia-2.jpg\" data-width=\"1024\" data-height=\"719\" aria-label=\"Reformas de cocina en Valencia 1\" role=\"img\" ><\/div>\n\t\t\t\t\t\t\t\t\t\t\t\t\t\t<\/a>\n\t\t\t\t\t<\/div>\n\t\t\t\t\t<\/div>\n\t\t\t\t<\/div>\n\t\t\t\t\t<\/div>\n\t\t<\/div>\n\t\t\t\t\t<\/div>\n\t\t<\/section>\n\t\t\t\t<\/div>","protected":false},"excerpt":{"rendered":"<p>El altar de tu creatividad. Aqu\u00ed te conviertes en el artista que todos podr\u00e1n apreciar en los matices de tus platos creados a partir de un entorno funcional y amigable. La tr\u00edada que capitanea esta la reforma de esta estancia est\u00e1 formada por la iluminaci\u00f3n, la ventilaci\u00f3n y la distribuci\u00f3n del espacio de trabajo.&nbsp; La [&hellip;]<\/p>","protected":false},"author":1,"featured_media":501,"parent":0,"menu_order":0,"comment_status":"closed","ping_status":"closed","template":"","meta":{"_acf_changed":false,"footnotes":""},"class_list":["post-802","page","type-page","status-publish","has-post-thumbnail","hentry"],"acf":[],"_links":{"self":[{"href":"https:\/\/grupodmh.es\/de\/wp-json\/wp\/v2\/pages\/802","targetHints":{"allow":["GET"]}}],"collection":[{"href":"https:\/\/grupodmh.es\/de\/wp-json\/wp\/v2\/pages"}],"about":[{"href":"https:\/\/grupodmh.es\/de\/wp-json\/wp\/v2\/types\/page"}],"author":[{"embeddable":true,"href":"https:\/\/grupodmh.es\/de\/wp-json\/wp\/v2\/users\/1"}],"replies":[{"embeddable":true,"href":"https:\/\/grupodmh.es\/de\/wp-json\/wp\/v2\/comments?post=802"}],"version-history":[{"count":14,"href":"https:\/\/grupodmh.es\/de\/wp-json\/wp\/v2\/pages\/802\/revisions"}],"predecessor-version":[{"id":1219,"href":"https:\/\/grupodmh.es\/de\/wp-json\/wp\/v2\/pages\/802\/revisions\/1219"}],"wp:featuredmedia":[{"embeddable":true,"href":"https:\/\/grupodmh.es\/de\/wp-json\/wp\/v2\/media\/501"}],"wp:attachment":[{"href":"https:\/\/grupodmh.es\/de\/wp-json\/wp\/v2\/media?parent=802"}],"curies":[{"name":"wp","href":"https:\/\/api.w.org\/{rel}","templated":true}]}}