{"id":799,"date":"2022-08-20T09:10:18","date_gmt":"2022-08-20T09:10:18","guid":{"rendered":"http:\/\/grupodmh.es\/?page_id=799"},"modified":"2023-02-18T23:56:21","modified_gmt":"2023-02-18T23:56:21","slug":"reformas-dormitorios","status":"publish","type":"page","link":"https:\/\/grupodmh.es\/de\/reformas-dormitorios\/","title":{"rendered":"Reformas dormitorios"},"content":{"rendered":"<div data-elementor-type=\"wp-page\" data-elementor-id=\"799\" class=\"elementor elementor-799\" data-elementor-post-type=\"page\">\n\t\t\t\t\t\t<section class=\"elementor-section elementor-top-section elementor-element elementor-element-6baf61b elementor-section-boxed elementor-section-height-default elementor-section-height-default\" data-id=\"6baf61b\" data-element_type=\"section\">\n\t\t\t\t\t\t<div class=\"elementor-container elementor-column-gap-default\">\n\t\t\t\t\t<div class=\"elementor-column elementor-col-100 elementor-top-column elementor-element elementor-element-b63b3f1\" data-id=\"b63b3f1\" data-element_type=\"column\">\n\t\t\t<div class=\"elementor-widget-wrap elementor-element-populated\">\n\t\t\t\t\t\t<div class=\"elementor-element elementor-element-412bef5 elementor-widget elementor-widget-text-editor\" data-id=\"412bef5\" data-element_type=\"widget\" data-widget_type=\"text-editor.default\">\n\t\t\t\t<div class=\"elementor-widget-container\">\n\t\t\t\t\t\t\t\t\t<p>So\u00f1amos contigo. Aqu\u00ed las tres l\u00edneas a seguir son comodidad, silencio y atm\u00f3sfera.\u00a0 Desde el color de las paredes hasta las l\u00edneas del mobiliario, pasando por la iluminaci\u00f3n, todo ha de transmitir calma y quietud en un dormitorio. De hecho es frecuente pasar por alto un elemento muy importante en las reformas de los dormitorios: el techo. Mientras disfrutamos tumbados pensando en nuestros asuntos o esperando a que llegue el sue\u00f1o, no son pocos los minutos que invertimos con los ojos puestos en el cielo de nuestra habitaci\u00f3n. Por eso es importante saber elegir un techo que invite a la relajaci\u00f3n, con colores suaves, tal vez tonos pastel, una iluminaci\u00f3n discreta y c\u00e1lida eliminando cualquier elemento que resulte excesivamente llamativo.<\/p><p>Pero por supuesto todo depende de c\u00f3mo quieras so\u00f1ar, pues hay quien prefiere su televisor empotrado en lo alto para dormirse disfrutando de su peli favorita.<\/p><p>M\u00e1s importante que empezar a concebir la distribuci\u00f3n de los espacios y c\u00f3mo llenarlos es conveniente planificar el\u00a0<i>aislamiento<\/i>\u00a0tanto ac\u00fastico como t\u00e9rmico de la estancia si es necesario. En cuanto al aislamiento ac\u00fastico bastar\u00e1 con un estudio previo que localice las posibles fuentes de ruidos molestos seg\u00fan la ac\u00fastica general de la casa y su orientaci\u00f3n. La soluci\u00f3n depender\u00e1 de la entidad del problema. Tanto paneles aislantes en el techo como tarimas flotantes en el suelo, pasando por una simple alfombra pueden resolver la situaci\u00f3n.<\/p><p>Respecto al aislamiento t\u00e9rmico la soluci\u00f3n depender\u00e1 de la climatolog\u00eda y de si las paredes del dormitorio dan al exterior. En caso necesario disponemos de una gran variedad de opciones para incluir en tu reforma como las cintas de fibra, tefl\u00f3n, grafitos o las placas aislantes, siempre con la tranquilidad de que nuestros materiales son de calidad excepcional.<\/p><p>La elecci\u00f3n de las\u00a0ventanas\u00a0tiene mucho que decir en relaci\u00f3n con tu confort. Las ventanas en una reforma pueden elegirse por tres criterios:<\/p><ol><li>El tipo de material: Madera, aluminio y PVC<\/li><li>El tipo de acristalamiento: Simple, que consta de una sola hoja, Doble o triple, que disponen de varias capas de cristal separadas por c\u00e1maras de aire de diversas densidades.<\/li><li>El tipo de apertura: correderas, abatibles, batientes, pivotantes o de guillotina, principalmente.<\/li><\/ol><p>El siguiente aspecto para la reforma responsable de un dormitorio, ya sea infantil, de matrimonio o de invitados ser\u00e1 el reemplazo o saneamiento del cableado para aumentar la capacidad de carga de la red el\u00e9ctrica y protegerse as\u00ed de cortes de energ\u00eda y cortocircuitos. Y si rematamos con un sistema de calefacci\u00f3n\/refrigeraci\u00f3n de \u00faltima generaci\u00f3n ya podemos empezar a pensar en ocupar los espacios con tranquilidad.<\/p><p>En cuanto al\u00a0<i>dise\u00f1o<\/i>\u00a0s\u00f3lo tienes que dejarte llevar por tu imaginaci\u00f3n, ya que las posibilidades son ilimitadas. Cuando te despiertes, nuestra reforma habr\u00e1 convertido en realidad tus sue\u00f1os.<\/p><p>Aconsejamos aprovechar los elementos arquitect\u00f3nicos naturales del propio dormitorio o del resto de la casa en caso de que sea posible. Por ejemplo, puedes reemplazar un armario empotrado de la habitaci\u00f3n por un vestidor o incluso por un peque\u00f1o ba\u00f1o interior. Si tienes una habitaci\u00f3n de sobra puedes fusionarla tambi\u00e9n haciendo de tu dormitorio principal una aut\u00e9ntico sal\u00f3n de esparcimiento.<\/p><p>El dormitorio que m\u00e1s reformas exige a lo largo del tiempo es el infantil. Nadie mejor que t\u00fa conoce la velocidad a la que crecen tus peque\u00f1os y por tanto la necesidad de tener la estancia siempre actualizada de acuerdo a la edad. En este caso aconsejamos tomar la seguridad y el aislamiento como elementos prioritarios en tu reforma. El descanso de los ni\u00f1os es el nuestro.<\/p><p>En suma, t\u00fa pon los sue\u00f1os y nuestras reformas pondr\u00e1n las realidades.<\/p>\t\t\t\t\t\t\t\t<\/div>\n\t\t\t\t<\/div>\n\t\t\t\t\t<\/div>\n\t\t<\/div>\n\t\t\t\t\t<\/div>\n\t\t<\/section>\n\t\t\t\t<section class=\"elementor-section elementor-top-section elementor-element elementor-element-51266fb elementor-section-full_width elementor-section-height-default elementor-section-height-default\" data-id=\"51266fb\" data-element_type=\"section\">\n\t\t\t\t\t\t<div class=\"elementor-container elementor-column-gap-default\">\n\t\t\t\t\t<div class=\"elementor-column elementor-col-100 elementor-top-column elementor-element elementor-element-bd45424\" data-id=\"bd45424\" data-element_type=\"column\">\n\t\t\t<div class=\"elementor-widget-wrap elementor-element-populated\">\n\t\t\t\t\t\t<div class=\"elementor-element elementor-element-60842f1 elementor-widget elementor-widget-gallery\" data-id=\"60842f1\" data-element_type=\"widget\" data-settings=\"{&quot;gap&quot;:{&quot;unit&quot;:&quot;px&quot;,&quot;size&quot;:20,&quot;sizes&quot;:[]},&quot;aspect_ratio&quot;:&quot;4:3&quot;,&quot;gallery_layout&quot;:&quot;grid&quot;,&quot;columns&quot;:4,&quot;columns_tablet&quot;:2,&quot;columns_mobile&quot;:1,&quot;gap_tablet&quot;:{&quot;unit&quot;:&quot;px&quot;,&quot;size&quot;:10,&quot;sizes&quot;:[]},&quot;gap_mobile&quot;:{&quot;unit&quot;:&quot;px&quot;,&quot;size&quot;:10,&quot;sizes&quot;:[]},&quot;link_to&quot;:&quot;file&quot;,&quot;content_hover_animation&quot;:&quot;fade-in&quot;}\" data-widget_type=\"gallery.default\">\n\t\t\t\t<div class=\"elementor-widget-container\">\n\t\t\t\t\t\t\t<div class=\"elementor-gallery__container\">\n\t\t\t\t\t\t\t<a class=\"e-gallery-item elementor-gallery-item elementor-animated-content\" href=\"https:\/\/grupodmh.es\/wp-content\/uploads\/2022\/08\/Reformas-dormitorios-en-Valencia-2.jpg\" data-elementor-open-lightbox=\"yes\" data-elementor-lightbox-slideshow=\"60842f1\" data-e-action-hash=\"#elementor-action%3Aaction%3Dlightbox%26settings%3DeyJpZCI6ODQxLCJ1cmwiOiJodHRwczpcL1wvZ3J1cG9kbWguZXNcL3dwLWNvbnRlbnRcL3VwbG9hZHNcLzIwMjJcLzA4XC9SZWZvcm1hcy1kb3JtaXRvcmlvcy1lbi1WYWxlbmNpYS0yLmpwZyIsInNsaWRlc2hvdyI6IjYwODQyZjEifQ%3D%3D\">\n\t\t\t\t\t<div class=\"e-gallery-image elementor-gallery-item__image\" data-thumbnail=\"https:\/\/grupodmh.es\/wp-content\/uploads\/2022\/08\/Reformas-dormitorios-en-Valencia-2.jpg\" data-width=\"1024\" data-height=\"717\" aria-label=\"Reformas dormitorios en Valencia\" role=\"img\" ><\/div>\n\t\t\t\t\t\t\t\t\t\t\t\t\t\t<\/a>\n\t\t\t\t\t\t\t<a class=\"e-gallery-item elementor-gallery-item elementor-animated-content\" href=\"https:\/\/grupodmh.es\/wp-content\/uploads\/2022\/08\/Reformas-dormitorios-en-Valencia-1-1.jpg\" data-elementor-open-lightbox=\"yes\" data-elementor-lightbox-slideshow=\"60842f1\" data-e-action-hash=\"#elementor-action%3Aaction%3Dlightbox%26settings%3DeyJpZCI6ODQwLCJ1cmwiOiJodHRwczpcL1wvZ3J1cG9kbWguZXNcL3dwLWNvbnRlbnRcL3VwbG9hZHNcLzIwMjJcLzA4XC9SZWZvcm1hcy1kb3JtaXRvcmlvcy1lbi1WYWxlbmNpYS0xLTEuanBnIiwic2xpZGVzaG93IjoiNjA4NDJmMSJ9\">\n\t\t\t\t\t<div class=\"e-gallery-image elementor-gallery-item__image\" data-thumbnail=\"https:\/\/grupodmh.es\/wp-content\/uploads\/2022\/08\/Reformas-dormitorios-en-Valencia-1-1.jpg\" data-width=\"1720\" data-height=\"1146\" aria-label=\"Reformas dormitorios en Valencia\" role=\"img\" ><\/div>\n\t\t\t\t\t\t\t\t\t\t\t\t\t\t<\/a>\n\t\t\t\t\t\t\t<a class=\"e-gallery-item elementor-gallery-item elementor-animated-content\" href=\"https:\/\/grupodmh.es\/wp-content\/uploads\/2022\/08\/Reformas-dormitorios-en-Valencia-3.jpg\" data-elementor-open-lightbox=\"yes\" data-elementor-lightbox-slideshow=\"60842f1\" data-e-action-hash=\"#elementor-action%3Aaction%3Dlightbox%26settings%3DeyJpZCI6ODQyLCJ1cmwiOiJodHRwczpcL1wvZ3J1cG9kbWguZXNcL3dwLWNvbnRlbnRcL3VwbG9hZHNcLzIwMjJcLzA4XC9SZWZvcm1hcy1kb3JtaXRvcmlvcy1lbi1WYWxlbmNpYS0zLmpwZyIsInNsaWRlc2hvdyI6IjYwODQyZjEifQ%3D%3D\">\n\t\t\t\t\t<div class=\"e-gallery-image elementor-gallery-item__image\" data-thumbnail=\"https:\/\/grupodmh.es\/wp-content\/uploads\/2022\/08\/Reformas-dormitorios-en-Valencia-3.jpg\" data-width=\"1024\" data-height=\"683\" aria-label=\"Reformas dormitorios en Valencia\" role=\"img\" ><\/div>\n\t\t\t\t\t\t\t\t\t\t\t\t\t\t<\/a>\n\t\t\t\t\t\t\t<a class=\"e-gallery-item elementor-gallery-item elementor-animated-content\" href=\"https:\/\/grupodmh.es\/wp-content\/uploads\/2022\/08\/Reformas-dormitorios-en-Valencia.jpg\" data-elementor-open-lightbox=\"yes\" data-elementor-lightbox-slideshow=\"60842f1\" data-e-action-hash=\"#elementor-action%3Aaction%3Dlightbox%26settings%3DeyJpZCI6MjU3LCJ1cmwiOiJodHRwczpcL1wvZ3J1cG9kbWguZXNcL3dwLWNvbnRlbnRcL3VwbG9hZHNcLzIwMjJcLzA4XC9SZWZvcm1hcy1kb3JtaXRvcmlvcy1lbi1WYWxlbmNpYS5qcGciLCJzbGlkZXNob3ciOiI2MDg0MmYxIn0%3D\">\n\t\t\t\t\t<div class=\"e-gallery-image elementor-gallery-item__image\" data-thumbnail=\"https:\/\/grupodmh.es\/wp-content\/uploads\/2022\/08\/Reformas-dormitorios-en-Valencia.jpg\" data-width=\"700\" data-height=\"400\" aria-label=\"Reformas dormitorios en Valencia\" role=\"img\" ><\/div>\n\t\t\t\t\t\t\t\t\t\t\t\t\t\t<\/a>\n\t\t\t\t\t<\/div>\n\t\t\t\t\t<\/div>\n\t\t\t\t<\/div>\n\t\t\t\t\t<\/div>\n\t\t<\/div>\n\t\t\t\t\t<\/div>\n\t\t<\/section>\n\t\t\t\t<\/div>","protected":false},"excerpt":{"rendered":"<p>So\u00f1amos contigo. Aqu\u00ed las tres l\u00edneas a seguir son comodidad, silencio y atm\u00f3sfera.\u00a0 Desde el color de las paredes hasta las l\u00edneas del mobiliario, pasando por la iluminaci\u00f3n, todo ha de transmitir calma y quietud en un dormitorio. De hecho es frecuente pasar por alto un elemento muy importante en las reformas de los dormitorios: [&hellip;]<\/p>","protected":false},"author":1,"featured_media":823,"parent":0,"menu_order":0,"comment_status":"closed","ping_status":"closed","template":"","meta":{"_acf_changed":false,"footnotes":""},"class_list":["post-799","page","type-page","status-publish","has-post-thumbnail","hentry"],"acf":[],"_links":{"self":[{"href":"https:\/\/grupodmh.es\/de\/wp-json\/wp\/v2\/pages\/799","targetHints":{"allow":["GET"]}}],"collection":[{"href":"https:\/\/grupodmh.es\/de\/wp-json\/wp\/v2\/pages"}],"about":[{"href":"https:\/\/grupodmh.es\/de\/wp-json\/wp\/v2\/types\/page"}],"author":[{"embeddable":true,"href":"https:\/\/grupodmh.es\/de\/wp-json\/wp\/v2\/users\/1"}],"replies":[{"embeddable":true,"href":"https:\/\/grupodmh.es\/de\/wp-json\/wp\/v2\/comments?post=799"}],"version-history":[{"count":34,"href":"https:\/\/grupodmh.es\/de\/wp-json\/wp\/v2\/pages\/799\/revisions"}],"predecessor-version":[{"id":1218,"href":"https:\/\/grupodmh.es\/de\/wp-json\/wp\/v2\/pages\/799\/revisions\/1218"}],"wp:featuredmedia":[{"embeddable":true,"href":"https:\/\/grupodmh.es\/de\/wp-json\/wp\/v2\/media\/823"}],"wp:attachment":[{"href":"https:\/\/grupodmh.es\/de\/wp-json\/wp\/v2\/media?parent=799"}],"curies":[{"name":"wp","href":"https:\/\/api.w.org\/{rel}","templated":true}]}}