{"id":770,"date":"2022-08-20T08:48:59","date_gmt":"2022-08-20T08:48:59","guid":{"rendered":"http:\/\/grupodmh.es\/?page_id=770"},"modified":"2023-02-18T23:41:32","modified_gmt":"2023-02-18T23:41:32","slug":"reformas-interiores","status":"publish","type":"page","link":"https:\/\/grupodmh.es\/de\/reformas-interiores\/","title":{"rendered":"Reformas interiores"},"content":{"rendered":"<div data-elementor-type=\"wp-page\" data-elementor-id=\"770\" class=\"elementor elementor-770\" data-elementor-post-type=\"page\">\n\t\t\t\t\t\t<section class=\"elementor-section elementor-top-section elementor-element elementor-element-a30e12e elementor-section-boxed elementor-section-height-default elementor-section-height-default\" data-id=\"a30e12e\" data-element_type=\"section\">\n\t\t\t\t\t\t<div class=\"elementor-container elementor-column-gap-default\">\n\t\t\t\t\t<div class=\"elementor-column elementor-col-100 elementor-top-column elementor-element elementor-element-f750a12\" data-id=\"f750a12\" data-element_type=\"column\">\n\t\t\t<div class=\"elementor-widget-wrap elementor-element-populated\">\n\t\t\t\t\t\t<div class=\"elementor-element elementor-element-e7274b6 elementor-widget elementor-widget-text-editor\" data-id=\"e7274b6\" data-element_type=\"widget\" data-widget_type=\"text-editor.default\">\n\t\t\t\t<div class=\"elementor-widget-container\">\n\t\t\t\t\t\t\t\t\t<p>Los mejores profesionales de la reforma en Valencia a tu servicio para que puedas llevar tus deseos y necesidades a otro nivel en materia de interiorismo y reformas parciales. Si eres alguien que no se conforma con las convencionales reformas que se ofrecen en el mercado y quieres destacarte imprimiendo tu personalidad en cada pieza de tu casa o tu negocio, somos tu mejor baza.\u00a0 Tu tienda, tu restaurante, tu oficina, tu casa ser\u00e1n un reflejo de tu interior m\u00e1s creativo y la admiraci\u00f3n de todos. S\u00f3lo tienes que imaginar y nosotros te llevaremos de la mano con nuestras reformas a despertar dentro de tus sue\u00f1os.\u00a0 Cada faceta de tu vida se plasma como un cuadro en cada una de tus habitaciones. Funcionalidad, confort y buen gusto son un tr\u00edo ganador.<\/p>\t\t\t\t\t\t\t\t<\/div>\n\t\t\t\t<\/div>\n\t\t\t\t\t<\/div>\n\t\t<\/div>\n\t\t\t\t\t<\/div>\n\t\t<\/section>\n\t\t\t\t<section class=\"elementor-section elementor-top-section elementor-element elementor-element-cfbde6d elementor-section-full_width elementor-section-height-default elementor-section-height-default\" data-id=\"cfbde6d\" data-element_type=\"section\">\n\t\t\t\t\t\t<div class=\"elementor-container elementor-column-gap-default\">\n\t\t\t\t\t<div class=\"elementor-column elementor-col-100 elementor-top-column elementor-element elementor-element-81110ac\" data-id=\"81110ac\" data-element_type=\"column\">\n\t\t\t<div class=\"elementor-widget-wrap elementor-element-populated\">\n\t\t\t\t\t\t<div class=\"elementor-element elementor-element-530fbe2 elementor-widget elementor-widget-gallery\" data-id=\"530fbe2\" data-element_type=\"widget\" data-settings=\"{&quot;gap&quot;:{&quot;unit&quot;:&quot;px&quot;,&quot;size&quot;:20,&quot;sizes&quot;:[]},&quot;aspect_ratio&quot;:&quot;4:3&quot;,&quot;gallery_layout&quot;:&quot;grid&quot;,&quot;columns&quot;:4,&quot;columns_tablet&quot;:2,&quot;columns_mobile&quot;:1,&quot;gap_tablet&quot;:{&quot;unit&quot;:&quot;px&quot;,&quot;size&quot;:10,&quot;sizes&quot;:[]},&quot;gap_mobile&quot;:{&quot;unit&quot;:&quot;px&quot;,&quot;size&quot;:10,&quot;sizes&quot;:[]},&quot;link_to&quot;:&quot;file&quot;,&quot;content_hover_animation&quot;:&quot;fade-in&quot;}\" data-widget_type=\"gallery.default\">\n\t\t\t\t<div class=\"elementor-widget-container\">\n\t\t\t\t\t\t\t<div class=\"elementor-gallery__container\">\n\t\t\t\t\t\t\t<a class=\"e-gallery-item elementor-gallery-item elementor-animated-content\" href=\"https:\/\/grupodmh.es\/wp-content\/uploads\/2022\/08\/GrupoDMH-2.jpg\" data-elementor-open-lightbox=\"yes\" data-elementor-lightbox-slideshow=\"530fbe2\" data-e-action-hash=\"#elementor-action%3Aaction%3Dlightbox%26settings%3DeyJpZCI6NTMyLCJ1cmwiOiJodHRwczpcL1wvZ3J1cG9kbWguZXNcL3dwLWNvbnRlbnRcL3VwbG9hZHNcLzIwMjJcLzA4XC9HcnVwb0RNSC0yLmpwZyIsInNsaWRlc2hvdyI6IjUzMGZiZTIifQ%3D%3D\">\n\t\t\t\t\t<div class=\"e-gallery-image elementor-gallery-item__image\" data-thumbnail=\"https:\/\/grupodmh.es\/wp-content\/uploads\/2022\/08\/GrupoDMH-2.jpg\" data-width=\"1024\" data-height=\"768\" aria-label=\"\" role=\"img\" ><\/div>\n\t\t\t\t\t\t\t\t\t\t\t\t\t\t<\/a>\n\t\t\t\t\t\t\t<a class=\"e-gallery-item elementor-gallery-item elementor-animated-content\" href=\"https:\/\/grupodmh.es\/wp-content\/uploads\/2022\/08\/Reformas-Interiores-en-Valencia-2.jpg\" data-elementor-open-lightbox=\"yes\" data-elementor-lightbox-slideshow=\"530fbe2\" data-e-action-hash=\"#elementor-action%3Aaction%3Dlightbox%26settings%3DeyJpZCI6ODQ3LCJ1cmwiOiJodHRwczpcL1wvZ3J1cG9kbWguZXNcL3dwLWNvbnRlbnRcL3VwbG9hZHNcLzIwMjJcLzA4XC9SZWZvcm1hcy1JbnRlcmlvcmVzLWVuLVZhbGVuY2lhLTIuanBnIiwic2xpZGVzaG93IjoiNTMwZmJlMiJ9\">\n\t\t\t\t\t<div class=\"e-gallery-image elementor-gallery-item__image\" data-thumbnail=\"https:\/\/grupodmh.es\/wp-content\/uploads\/2022\/08\/Reformas-Interiores-en-Valencia-2.jpg\" data-width=\"1024\" data-height=\"760\" aria-label=\"Reformas Interiores en Valencia\" role=\"img\" ><\/div>\n\t\t\t\t\t\t\t\t\t\t\t\t\t\t<\/a>\n\t\t\t\t\t\t\t<a class=\"e-gallery-item elementor-gallery-item elementor-animated-content\" href=\"https:\/\/grupodmh.es\/wp-content\/uploads\/2022\/08\/Reformas-Interiores-en-Valencia-1.jpg\" data-elementor-open-lightbox=\"yes\" data-elementor-lightbox-slideshow=\"530fbe2\" data-e-action-hash=\"#elementor-action%3Aaction%3Dlightbox%26settings%3DeyJpZCI6ODQ2LCJ1cmwiOiJodHRwczpcL1wvZ3J1cG9kbWguZXNcL3dwLWNvbnRlbnRcL3VwbG9hZHNcLzIwMjJcLzA4XC9SZWZvcm1hcy1JbnRlcmlvcmVzLWVuLVZhbGVuY2lhLTEuanBnIiwic2xpZGVzaG93IjoiNTMwZmJlMiJ9\">\n\t\t\t\t\t<div class=\"e-gallery-image elementor-gallery-item__image\" data-thumbnail=\"https:\/\/grupodmh.es\/wp-content\/uploads\/2022\/08\/Reformas-Interiores-en-Valencia-1.jpg\" data-width=\"1024\" data-height=\"683\" aria-label=\"Reformas Interiores en Valencia\" role=\"img\" ><\/div>\n\t\t\t\t\t\t\t\t\t\t\t\t\t\t<\/a>\n\t\t\t\t\t\t\t<a class=\"e-gallery-item elementor-gallery-item elementor-animated-content\" href=\"https:\/\/grupodmh.es\/wp-content\/uploads\/2022\/08\/type1-3.jpg\" data-elementor-open-lightbox=\"yes\" data-elementor-lightbox-slideshow=\"530fbe2\" data-e-action-hash=\"#elementor-action%3Aaction%3Dlightbox%26settings%3DeyJpZCI6NTA5LCJ1cmwiOiJodHRwczpcL1wvZ3J1cG9kbWguZXNcL3dwLWNvbnRlbnRcL3VwbG9hZHNcLzIwMjJcLzA4XC90eXBlMS0zLmpwZyIsInNsaWRlc2hvdyI6IjUzMGZiZTIifQ%3D%3D\">\n\t\t\t\t\t<div class=\"e-gallery-image elementor-gallery-item__image\" data-thumbnail=\"https:\/\/grupodmh.es\/wp-content\/uploads\/2022\/08\/type1-3.jpg\" data-width=\"700\" data-height=\"400\" aria-label=\"\" role=\"img\" ><\/div>\n\t\t\t\t\t\t\t\t\t\t\t\t\t\t<\/a>\n\t\t\t\t\t<\/div>\n\t\t\t\t\t<\/div>\n\t\t\t\t<\/div>\n\t\t\t\t\t<\/div>\n\t\t<\/div>\n\t\t\t\t\t<\/div>\n\t\t<\/section>\n\t\t\t\t<\/div>","protected":false},"excerpt":{"rendered":"<p>Los mejores profesionales de la reforma en Valencia a tu servicio para que puedas llevar tus deseos y necesidades a otro nivel en materia de interiorismo y reformas parciales. Si eres alguien que no se conforma con las convencionales reformas que se ofrecen en el mercado y quieres destacarte imprimiendo tu personalidad en cada pieza [&hellip;]<\/p>","protected":false},"author":1,"featured_media":851,"parent":0,"menu_order":0,"comment_status":"closed","ping_status":"closed","template":"","meta":{"_acf_changed":false,"footnotes":""},"class_list":["post-770","page","type-page","status-publish","has-post-thumbnail","hentry"],"acf":[],"_links":{"self":[{"href":"https:\/\/grupodmh.es\/de\/wp-json\/wp\/v2\/pages\/770","targetHints":{"allow":["GET"]}}],"collection":[{"href":"https:\/\/grupodmh.es\/de\/wp-json\/wp\/v2\/pages"}],"about":[{"href":"https:\/\/grupodmh.es\/de\/wp-json\/wp\/v2\/types\/page"}],"author":[{"embeddable":true,"href":"https:\/\/grupodmh.es\/de\/wp-json\/wp\/v2\/users\/1"}],"replies":[{"embeddable":true,"href":"https:\/\/grupodmh.es\/de\/wp-json\/wp\/v2\/comments?post=770"}],"version-history":[{"count":25,"href":"https:\/\/grupodmh.es\/de\/wp-json\/wp\/v2\/pages\/770\/revisions"}],"predecessor-version":[{"id":1207,"href":"https:\/\/grupodmh.es\/de\/wp-json\/wp\/v2\/pages\/770\/revisions\/1207"}],"wp:featuredmedia":[{"embeddable":true,"href":"https:\/\/grupodmh.es\/de\/wp-json\/wp\/v2\/media\/851"}],"wp:attachment":[{"href":"https:\/\/grupodmh.es\/de\/wp-json\/wp\/v2\/media?parent=770"}],"curies":[{"name":"wp","href":"https:\/\/api.w.org\/{rel}","templated":true}]}}