{"id":1991,"date":"2024-03-10T08:31:14","date_gmt":"2024-03-10T08:31:14","guid":{"rendered":"https:\/\/grupodmh.es\/?page_id=1991"},"modified":"2024-08-26T16:56:13","modified_gmt":"2024-08-26T16:56:13","slug":"calcula-tu-precio-de-reforma","status":"publish","type":"page","link":"https:\/\/grupodmh.es\/de\/calcula-tu-precio-de-reforma\/","title":{"rendered":"Calcula precio de reforma"},"content":{"rendered":"<div data-elementor-type=\"wp-page\" data-elementor-id=\"1991\" class=\"elementor elementor-1991\" data-elementor-post-type=\"page\">\n\t\t\t\t\t\t<section class=\"elementor-section elementor-top-section elementor-element elementor-element-78f8d7c elementor-section-boxed elementor-section-height-default elementor-section-height-default\" data-id=\"78f8d7c\" data-element_type=\"section\" data-e-type=\"section\">\n\t\t\t\t\t\t<div class=\"elementor-container elementor-column-gap-default\">\n\t\t\t\t\t<div class=\"elementor-column elementor-col-100 elementor-top-column elementor-element elementor-element-0847ed6\" data-id=\"0847ed6\" data-element_type=\"column\" data-e-type=\"column\">\n\t\t\t<div class=\"elementor-widget-wrap elementor-element-populated\">\n\t\t\t\t\t\t<div class=\"elementor-element elementor-element-ed61c76 elementor-widget elementor-widget-heading\" data-id=\"ed61c76\" data-element_type=\"widget\" data-e-type=\"widget\" data-widget_type=\"heading.default\">\n\t\t\t\t<div class=\"elementor-widget-container\">\n\t\t\t\t\t<h2 class=\"elementor-heading-title elementor-size-default\">Descubre lo que Podemos Hacer por Ti<\/h2>\t\t\t\t<\/div>\n\t\t\t\t<\/div>\n\t\t\t\t<div class=\"elementor-element elementor-element-8c4b9e6 elementor-widget elementor-widget-text-editor\" data-id=\"8c4b9e6\" data-element_type=\"widget\" data-e-type=\"widget\" data-widget_type=\"text-editor.default\">\n\t\t\t\t<div class=\"elementor-widget-container\">\n\t\t\t\t\t\t\t\t\tEn nuestra empresa, nos especializamos en convertir sue\u00f1os en realidad. Ya sea una renovaci\u00f3n de cocina, un cambio de suelos o una reforma completa de tu hogar, estamos listos para brindarte un servicio excepcional. Nuestro equipo de profesionales altamente calificados se asegurar\u00e1 de que cada detalle de tu proyecto sea impecable.\t\t\t\t\t\t\t\t<\/div>\n\t\t\t\t<\/div>\n\t\t\t\t\t<\/div>\n\t\t<\/div>\n\t\t\t\t\t<\/div>\n\t\t<\/section>\n\t\t\t\t<section class=\"elementor-section elementor-top-section elementor-element elementor-element-bb2d001 elementor-section-boxed elementor-section-height-default elementor-section-height-default\" data-id=\"bb2d001\" data-element_type=\"section\" data-e-type=\"section\">\n\t\t\t\t\t\t<div class=\"elementor-container elementor-column-gap-default\">\n\t\t\t\t\t<div class=\"elementor-column elementor-col-100 elementor-top-column elementor-element elementor-element-af7a764\" data-id=\"af7a764\" data-element_type=\"column\" data-e-type=\"column\">\n\t\t\t<div class=\"elementor-widget-wrap elementor-element-populated\">\n\t\t\t\t\t\t<div class=\"elementor-element elementor-element-531b2a4 elementor-widget elementor-widget-shortcode\" data-id=\"531b2a4\" data-element_type=\"widget\" data-e-type=\"widget\" data-widget_type=\"shortcode.default\">\n\t\t\t\t<div class=\"elementor-widget-container\">\n\t\t\t\t\t<script type=\"text\/javascript\">window[\"ccb_front_template_1989\"] = [];<\/script>\t\t<div class=\"elementor-shortcode\">\n<div class=\"ccb-main-widget\" id=\"ccb_app_1989\" data-calc-id=\"1989\"><\/div>\n<\/div>\n\t\t\t\t\t\t<\/div>\n\t\t\t\t<\/div>\n\t\t\t\t\t<\/div>\n\t\t<\/div>\n\t\t\t\t\t<\/div>\n\t\t<\/section>\n\t\t\t\t<section class=\"elementor-section elementor-top-section elementor-element elementor-element-a30e12e elementor-section-boxed elementor-section-height-default elementor-section-height-default\" data-id=\"a30e12e\" data-element_type=\"section\" data-e-type=\"section\">\n\t\t\t\t\t\t<div class=\"elementor-container elementor-column-gap-default\">\n\t\t\t\t\t<div class=\"elementor-column elementor-col-100 elementor-top-column elementor-element elementor-element-f750a12\" data-id=\"f750a12\" data-element_type=\"column\" data-e-type=\"column\">\n\t\t\t<div class=\"elementor-widget-wrap elementor-element-populated\">\n\t\t\t\t\t\t<div class=\"elementor-element elementor-element-e7274b6 elementor-widget elementor-widget-text-editor\" data-id=\"e7274b6\" data-element_type=\"widget\" data-e-type=\"widget\" data-widget_type=\"text-editor.default\">\n\t\t\t\t<div class=\"elementor-widget-container\">\n\t\t\t\t\t\t\t\t\t<strong>\u00bfPor Qu\u00e9 Elegirnos?<\/strong><\/br><\/br>\n<ul>\n \t<li>Experiencia y Profesionalismo: Contamos con a\u00f1os de experiencia en el sector y un equipo de expertos que garantizan resultados de alta calidad.<\/li>\n \t<li>Variedad de Servicios: Desde peque\u00f1as mejoras hasta proyectos integrales, ofrecemos una amplia gama de servicios para adaptarnos a tus necesidades.<\/li>\n \t<li>Materiales de Calidad: Trabajamos con materiales de primera calidad para asegurar la durabilidad y el aspecto est\u00e9tico de cada proyecto.<\/li>\n \t<li>Transparencia en Costos: Nuestra pol\u00edtica es la transparencia. Te proporcionaremos un presupuesto detallado para que sepas exactamente en qu\u00e9 se invertir\u00e1 tu dinero.<\/li>\n<\/ul><\/br><\/br>\n<center>\n<h2><b><a href=\"https:\/\/grupodmh.es\/de\/contacto\/\"><u>Solicita tu Presupuesto<\/u><\/a><\/b><\/h2>\n<\/center>\n<strong>Personalizado:<\/strong><\/br><\/br>\n\nComienza el viaje hacia la transformaci\u00f3n de tu espacio. Completa el formulario con los detalles de tu proyecto, y nos pondremos en contacto contigo para discutir las opciones y proporcionarte un presupuesto personalizado.<\/br><\/br>\n<blockquote><center>\u00a1Hagamos realidad tus ideas juntos! Estamos ansiosos por trabajar contigo en tu proyecto de reforma.<\/center><\/blockquote>\t\t\t\t\t\t\t\t<\/div>\n\t\t\t\t<\/div>\n\t\t\t\t\t<\/div>\n\t\t<\/div>\n\t\t\t\t\t<\/div>\n\t\t<\/section>\n\t\t\t\t<section class=\"elementor-section elementor-top-section elementor-element elementor-element-cfbde6d elementor-section-full_width elementor-section-height-default elementor-section-height-default\" data-id=\"cfbde6d\" data-element_type=\"section\" data-e-type=\"section\">\n\t\t\t\t\t\t<div class=\"elementor-container elementor-column-gap-default\">\n\t\t\t\t\t<div class=\"elementor-column elementor-col-100 elementor-top-column elementor-element elementor-element-81110ac\" data-id=\"81110ac\" data-element_type=\"column\" data-e-type=\"column\">\n\t\t\t<div class=\"elementor-widget-wrap elementor-element-populated\">\n\t\t\t\t\t\t<div class=\"elementor-element elementor-element-530fbe2 elementor-widget elementor-widget-gallery\" data-id=\"530fbe2\" data-element_type=\"widget\" data-e-type=\"widget\" data-settings=\"{&quot;gap&quot;:{&quot;unit&quot;:&quot;px&quot;,&quot;size&quot;:20,&quot;sizes&quot;:[]},&quot;aspect_ratio&quot;:&quot;4:3&quot;,&quot;gallery_layout&quot;:&quot;grid&quot;,&quot;columns&quot;:4,&quot;columns_tablet&quot;:2,&quot;columns_mobile&quot;:1,&quot;gap_tablet&quot;:{&quot;unit&quot;:&quot;px&quot;,&quot;size&quot;:10,&quot;sizes&quot;:[]},&quot;gap_mobile&quot;:{&quot;unit&quot;:&quot;px&quot;,&quot;size&quot;:10,&quot;sizes&quot;:[]},&quot;link_to&quot;:&quot;file&quot;,&quot;content_hover_animation&quot;:&quot;fade-in&quot;}\" data-widget_type=\"gallery.default\">\n\t\t\t\t<div class=\"elementor-widget-container\">\n\t\t\t\t\t\t\t<div class=\"elementor-gallery__container\">\n\t\t\t\t\t\t\t<a class=\"e-gallery-item elementor-gallery-item elementor-animated-content\" href=\"https:\/\/grupodmh.es\/wp-content\/uploads\/2024\/02\/cf2ebd9780a6d16cff54863fce1e4a61.jpeg\" data-elementor-open-lightbox=\"yes\" data-elementor-lightbox-slideshow=\"530fbe2\" data-e-action-hash=\"#elementor-action%3Aaction%3Dlightbox%26settings%3DeyJpZCI6MTcyMCwidXJsIjoiaHR0cHM6XC9cL2dydXBvZG1oLmVzXC93cC1jb250ZW50XC91cGxvYWRzXC8yMDI0XC8wMlwvY2YyZWJkOTc4MGE2ZDE2Y2ZmNTQ4NjNmY2UxZTRhNjEuanBlZyIsInNsaWRlc2hvdyI6IjUzMGZiZTIifQ%3D%3D\">\n\t\t\t\t\t<div class=\"e-gallery-image elementor-gallery-item__image\" data-thumbnail=\"https:\/\/grupodmh.es\/wp-content\/uploads\/2024\/02\/cf2ebd9780a6d16cff54863fce1e4a61.jpeg\" data-width=\"476\" data-height=\"713\" aria-label=\"\" role=\"img\" ><\/div>\n\t\t\t\t\t\t\t\t\t\t\t\t\t\t<\/a>\n\t\t\t\t\t\t\t<a class=\"e-gallery-item elementor-gallery-item elementor-animated-content\" href=\"https:\/\/grupodmh.es\/wp-content\/uploads\/2024\/02\/bd2a9442ebcc2f8162884c698d78e2cb.jpeg\" data-elementor-open-lightbox=\"yes\" data-elementor-lightbox-slideshow=\"530fbe2\" data-e-action-hash=\"#elementor-action%3Aaction%3Dlightbox%26settings%3DeyJpZCI6MTcxMSwidXJsIjoiaHR0cHM6XC9cL2dydXBvZG1oLmVzXC93cC1jb250ZW50XC91cGxvYWRzXC8yMDI0XC8wMlwvYmQyYTk0NDJlYmNjMmY4MTYyODg0YzY5OGQ3OGUyY2IuanBlZyIsInNsaWRlc2hvdyI6IjUzMGZiZTIifQ%3D%3D\">\n\t\t\t\t\t<div class=\"e-gallery-image elementor-gallery-item__image\" data-thumbnail=\"https:\/\/grupodmh.es\/wp-content\/uploads\/2024\/02\/bd2a9442ebcc2f8162884c698d78e2cb.jpeg\" data-width=\"563\" data-height=\"400\" aria-label=\"\" role=\"img\" ><\/div>\n\t\t\t\t\t\t\t\t\t\t\t\t\t\t<\/a>\n\t\t\t\t\t\t\t<a class=\"e-gallery-item elementor-gallery-item elementor-animated-content\" href=\"https:\/\/grupodmh.es\/wp-content\/uploads\/2024\/02\/7a11e8f61cec40e8e34bb48731389306.jpeg\" data-elementor-open-lightbox=\"yes\" data-elementor-lightbox-slideshow=\"530fbe2\" data-e-action-hash=\"#elementor-action%3Aaction%3Dlightbox%26settings%3DeyJpZCI6MTcyMywidXJsIjoiaHR0cHM6XC9cL2dydXBvZG1oLmVzXC93cC1jb250ZW50XC91cGxvYWRzXC8yMDI0XC8wMlwvN2ExMWU4ZjYxY2VjNDBlOGUzNGJiNDg3MzEzODkzMDYuanBlZyIsInNsaWRlc2hvdyI6IjUzMGZiZTIifQ%3D%3D\">\n\t\t\t\t\t<div class=\"e-gallery-image elementor-gallery-item__image\" data-thumbnail=\"https:\/\/grupodmh.es\/wp-content\/uploads\/2024\/02\/7a11e8f61cec40e8e34bb48731389306.jpeg\" data-width=\"442\" data-height=\"480\" aria-label=\"\" role=\"img\" ><\/div>\n\t\t\t\t\t\t\t\t\t\t\t\t\t\t<\/a>\n\t\t\t\t\t\t\t<a class=\"e-gallery-item elementor-gallery-item elementor-animated-content\" href=\"https:\/\/grupodmh.es\/wp-content\/uploads\/2024\/02\/5ccfb84db7bee6e38d80209ce2f66de5.jpeg\" data-elementor-open-lightbox=\"yes\" data-elementor-lightbox-slideshow=\"530fbe2\" data-e-action-hash=\"#elementor-action%3Aaction%3Dlightbox%26settings%3DeyJpZCI6MTcxNywidXJsIjoiaHR0cHM6XC9cL2dydXBvZG1oLmVzXC93cC1jb250ZW50XC91cGxvYWRzXC8yMDI0XC8wMlwvNWNjZmI4NGRiN2JlZTZlMzhkODAyMDljZTJmNjZkZTUuanBlZyIsInNsaWRlc2hvdyI6IjUzMGZiZTIifQ%3D%3D\">\n\t\t\t\t\t<div class=\"e-gallery-image elementor-gallery-item__image\" data-thumbnail=\"https:\/\/grupodmh.es\/wp-content\/uploads\/2024\/02\/5ccfb84db7bee6e38d80209ce2f66de5.jpeg\" data-width=\"563\" data-height=\"626\" aria-label=\"\" role=\"img\" ><\/div>\n\t\t\t\t\t\t\t\t\t\t\t\t\t\t<\/a>\n\t\t\t\t\t<\/div>\n\t\t\t\t\t<\/div>\n\t\t\t\t<\/div>\n\t\t\t\t\t<\/div>\n\t\t<\/div>\n\t\t\t\t\t<\/div>\n\t\t<\/section>\n\t\t\t\t<\/div>","protected":false},"excerpt":{"rendered":"<p>Descubre lo que Podemos Hacer por Ti En nuestra empresa, nos especializamos en convertir sue\u00f1os en realidad. Ya sea una renovaci\u00f3n de cocina, un cambio de suelos o una reforma completa de tu hogar, estamos listos para brindarte un servicio excepcional. Nuestro equipo de profesionales altamente calificados se asegurar\u00e1 de que cada detalle de tu [&hellip;]<\/p>","protected":false},"author":2,"featured_media":1652,"parent":0,"menu_order":0,"comment_status":"closed","ping_status":"closed","template":"","meta":{"_acf_changed":false,"footnotes":""},"class_list":["post-1991","page","type-page","status-publish","has-post-thumbnail","hentry"],"acf":[],"_links":{"self":[{"href":"https:\/\/grupodmh.es\/de\/wp-json\/wp\/v2\/pages\/1991","targetHints":{"allow":["GET"]}}],"collection":[{"href":"https:\/\/grupodmh.es\/de\/wp-json\/wp\/v2\/pages"}],"about":[{"href":"https:\/\/grupodmh.es\/de\/wp-json\/wp\/v2\/types\/page"}],"author":[{"embeddable":true,"href":"https:\/\/grupodmh.es\/de\/wp-json\/wp\/v2\/users\/2"}],"replies":[{"embeddable":true,"href":"https:\/\/grupodmh.es\/de\/wp-json\/wp\/v2\/comments?post=1991"}],"version-history":[{"count":17,"href":"https:\/\/grupodmh.es\/de\/wp-json\/wp\/v2\/pages\/1991\/revisions"}],"predecessor-version":[{"id":2285,"href":"https:\/\/grupodmh.es\/de\/wp-json\/wp\/v2\/pages\/1991\/revisions\/2285"}],"wp:featuredmedia":[{"embeddable":true,"href":"https:\/\/grupodmh.es\/de\/wp-json\/wp\/v2\/media\/1652"}],"wp:attachment":[{"href":"https:\/\/grupodmh.es\/de\/wp-json\/wp\/v2\/media?parent=1991"}],"curies":[{"name":"wp","href":"https:\/\/api.w.org\/{rel}","templated":true}]}}