{"id":1077,"date":"2022-10-03T18:04:19","date_gmt":"2022-10-03T18:04:19","guid":{"rendered":"http:\/\/grupodmh.es\/?page_id=1077"},"modified":"2023-02-19T08:12:59","modified_gmt":"2023-02-19T08:12:59","slug":"fontaneria","status":"publish","type":"page","link":"https:\/\/grupodmh.es\/de\/fontaneria\/","title":{"rendered":"Fontaneria"},"content":{"rendered":"<div data-elementor-type=\"wp-page\" data-elementor-id=\"1077\" class=\"elementor elementor-1077\" data-elementor-post-type=\"page\">\n\t\t\t\t\t\t<section class=\"elementor-section elementor-top-section elementor-element elementor-element-10926310 elementor-section-boxed elementor-section-height-default elementor-section-height-default\" data-id=\"10926310\" data-element_type=\"section\">\n\t\t\t\t\t\t<div class=\"elementor-container elementor-column-gap-default\">\n\t\t\t\t\t<div class=\"elementor-column elementor-col-100 elementor-top-column elementor-element elementor-element-7d8da206\" data-id=\"7d8da206\" data-element_type=\"column\">\n\t\t\t<div class=\"elementor-widget-wrap elementor-element-populated\">\n\t\t\t\t\t\t<div class=\"elementor-element elementor-element-2fcc6e8e elementor-widget elementor-widget-text-editor\" data-id=\"2fcc6e8e\" data-element_type=\"widget\" data-widget_type=\"text-editor.default\">\n\t\t\t\t<div class=\"elementor-widget-container\">\n\t\t\t\t\t\t\t\t\t\n<p>Si est\u00e1s buscando servicios de instalaci\u00f3n de fontaner\u00eda en Valencia, has llegado al lugar adecuado. Nuestro equipo de fontaneros altamente cualificados est\u00e1 listo para ayudarte con todas tus necesidades de fontaner\u00eda.<\/p>\n<p>Ya sea que necesites una reparaci\u00f3n de tuber\u00edas, una instalaci\u00f3n de grifos o una renovaci\u00f3n completa de tu sistema de fontaner\u00eda, podemos proporcionarte soluciones efectivas y duraderas.<\/p>\n<p>Nos aseguramos de utilizar solo materiales de alta calidad y herramientas de \u00faltima generaci\u00f3n para garantizar que cada trabajo se realice de manera eficiente y a un precio razonable. Adem\u00e1s, nuestros fontaneros est\u00e1n disponibles las 24 horas del d\u00eda, los 7 d\u00edas de la semana para atender cualquier emergencia de fontaner\u00eda.<\/p>\n<p>No importa si eres propietario de una casa o una empresa en Valencia, nuestros servicios de fontaner\u00eda est\u00e1n dise\u00f1ados para adaptarse a tus necesidades espec\u00edficas y asegurar que el trabajo se realice a la perfecci\u00f3n. Conf\u00eda en nosotros para cualquier trabajo de fontaner\u00eda en Valencia.<\/p>\n\n<p><strong>\u00bfTienes algunas dudas?<\/strong><\/p>\n\n<p><a href=\"https:\/\/grupodmh.es\/de\/\"><strong>Contactanos<\/strong><\/a><\/p>\n\t\t\t\t\t\t\t\t<\/div>\n\t\t\t\t<\/div>\n\t\t\t\t\t<\/div>\n\t\t<\/div>\n\t\t\t\t\t<\/div>\n\t\t<\/section>\n\t\t\t\t<\/div>","protected":false},"excerpt":{"rendered":"<p>Si est\u00e1s buscando servicios de instalaci\u00f3n de fontaner\u00eda en Valencia, has llegado al lugar adecuado. Nuestro equipo de fontaneros altamente cualificados est\u00e1 listo para ayudarte con todas tus necesidades de fontaner\u00eda. Ya sea que necesites una reparaci\u00f3n de tuber\u00edas, una instalaci\u00f3n de grifos o una renovaci\u00f3n completa de tu sistema de fontaner\u00eda, podemos proporcionarte soluciones [&hellip;]<\/p>","protected":false},"author":1,"featured_media":0,"parent":0,"menu_order":0,"comment_status":"closed","ping_status":"closed","template":"","meta":{"_acf_changed":false,"footnotes":""},"class_list":["post-1077","page","type-page","status-publish","hentry"],"acf":[],"_links":{"self":[{"href":"https:\/\/grupodmh.es\/de\/wp-json\/wp\/v2\/pages\/1077","targetHints":{"allow":["GET"]}}],"collection":[{"href":"https:\/\/grupodmh.es\/de\/wp-json\/wp\/v2\/pages"}],"about":[{"href":"https:\/\/grupodmh.es\/de\/wp-json\/wp\/v2\/types\/page"}],"author":[{"embeddable":true,"href":"https:\/\/grupodmh.es\/de\/wp-json\/wp\/v2\/users\/1"}],"replies":[{"embeddable":true,"href":"https:\/\/grupodmh.es\/de\/wp-json\/wp\/v2\/comments?post=1077"}],"version-history":[{"count":8,"href":"https:\/\/grupodmh.es\/de\/wp-json\/wp\/v2\/pages\/1077\/revisions"}],"predecessor-version":[{"id":1263,"href":"https:\/\/grupodmh.es\/de\/wp-json\/wp\/v2\/pages\/1077\/revisions\/1263"}],"wp:attachment":[{"href":"https:\/\/grupodmh.es\/de\/wp-json\/wp\/v2\/media?parent=1077"}],"curies":[{"name":"wp","href":"https:\/\/api.w.org\/{rel}","templated":true}]}}